{"id":231,"date":"2022-01-06T02:23:30","date_gmt":"2022-01-06T01:23:30","guid":{"rendered":"https:\/\/rib-ev.de\/?page_id=231"},"modified":"2025-09-18T10:54:53","modified_gmt":"2025-09-18T08:54:53","slug":"ruestungsexporte-europaeischer-union","status":"publish","type":"page","link":"https:\/\/rib-ev.de\/?page_id=231","title":{"rendered":"R\u00fcstungsexporte Europ\u00e4ischer Union"},"content":{"rendered":"\t\t<div data-elementor-type=\"wp-page\" data-elementor-id=\"231\" class=\"elementor elementor-231\">\n\t\t\t\t\t\t<section class=\"elementor-section elementor-top-section elementor-element elementor-element-48a6c3b3 elementor-section-boxed elementor-section-height-default elementor-section-height-default\" data-id=\"48a6c3b3\" data-element_type=\"section\" data-e-type=\"section\">\n\t\t\t\t\t\t<div class=\"elementor-container elementor-column-gap-default\">\n\t\t\t\t\t<div class=\"elementor-column elementor-col-100 elementor-top-column elementor-element elementor-element-237781c0\" data-id=\"237781c0\" data-element_type=\"column\" data-e-type=\"column\">\n\t\t\t<div class=\"elementor-widget-wrap elementor-element-populated\">\n\t\t\t\t\t\t<div class=\"elementor-element elementor-element-394b6aea elementor-widget elementor-widget-text-editor\" data-id=\"394b6aea\" data-element_type=\"widget\" data-e-type=\"widget\" data-widget_type=\"text-editor.default\">\n\t\t\t\t<div class=\"elementor-widget-container\">\n\t\t\t\t\t\t\t\t\t\n<p>Die Jahresberichte der Europ\u00e4ischen Union hinsichtlich der R\u00fcstungsexporte gem. Nr. 8 der operativen Bestimmungen \u00fcber die Anwendung des Verhaltenskodex der EU f\u00fcr Waffenausfuhren k\u00f6nnen Sie hier einsehen. Jeder Jahresbericht hei\u00dft \u201ex-ter Jahresbericht Gem\u00e4\u00df Nr. 8 der operativen Bestimmungen \u00fcber die Anwendung des Verhaltenskodex der EU f\u00fcr Waffenausfuhren\u201c. Der Einfachheit und \u00dcbersichtlichkeit wegen haben wir die Kurzbezeichnung \u201eEU-R\u00fcstungsexportbericht [Jahr]\u201c daraus gemacht:<\/p>\n\n<p>Grundlage der Berichte ist der Gemeinsame Standpunkt:<\/p>\n\n<p><a href=\"https:\/\/rib-ev.de\/wp-content\/uploads\/2022\/01\/2008-944-GASP.pdf\">2008\/944\/GASP<\/a><\/p>\n\n<p>Jahresberichte:<\/p>\n\n<ul class=\"wp-block-list\">\n<li><a href=\"https:\/\/rib-ev.de\/wp-content\/uploads\/2025\/09\/OJ_C_202500472_DE_TXT.pdf\" target=\"_blank\" rel=\"noreferrer noopener\">EU-R\u00fcstungsexportbericht 2025<\/a> [26. Bericht]<\/li>\n<li><a href=\"https:\/\/rib-ev.de\/wp-content\/uploads\/2025\/09\/22.02.2024.pdf\" target=\"_blank\" rel=\"noreferrer noopener\">EU-R\u00fcstungsexportbericht 2024<\/a> [25. Bericht]<\/li>\n<li><a href=\"https:\/\/rib-ev.de\/wp-content\/uploads\/2025\/09\/CELEX_52023XG0216_DE_TXT.pdf\" target=\"_blank\" rel=\"noreferrer noopener\">EU-R\u00fcstungsexportbericht 2023<\/a> [24. Bericht]<\/li>\n<li><a href=\"https:\/\/rib-ev.de\/wp-content\/uploads\/2022\/04\/CELEX-52021XG122101-DE-TXT.pdf\" target=\"_blank\" rel=\"noreferrer noopener\">EU-R\u00fcstungsexportbericht 2021<\/a> [23. Bericht]<\/li>\n<li><a href=\"https:\/\/rib-ev.de\/wp-content\/uploads\/2022\/01\/c_43120201211de00010512.pdf.de_.pdf\">EU-R\u00fcstungsexportbericht 2020<\/a> [22. Bericht]<\/li>\n<li><a href=\"https:\/\/rib-ev.de\/wp-content\/uploads\/2022\/01\/EU-21.-Ruestungsexportbericht.pdf\">EU-R\u00fcstungsexportbericht 2019<\/a>\u00a0[21. Bericht]<\/li>\n<li><a href=\"https:\/\/rib-ev.de\/wp-content\/uploads\/2022\/01\/EU-Ruestungsexportbericht-2018.pdf\">EU-R\u00fcstungsexportbericht 2018<\/a> [20. Bericht]<\/li>\n<li><a href=\"https:\/\/rib-ev.de\/wp-content\/uploads\/2022\/01\/EU-Ruestungsexportbericht-2017.pdf\">EU-R\u00fcstungsexportbericht 2017<\/a> [19. Bericht]<\/li>\n<li><a href=\"https:\/\/rib-ev.de\/wp-content\/uploads\/2022\/01\/DOC_1.de_.pdf\">EU-R\u00fcstungsexportbericht 2017<\/a> [18. Bericht]<\/li>\n<li><a href=\"https:\/\/rib-ev.de\/wp-content\/uploads\/2022\/01\/Siebzehnter-Jahresbeicht-Gemaess-Nr.-8-der-operativen-Bestimmungen-ueber-die-Anwendung-des-Verhaltenskodex-der-EU-fuer-Waffenausfuhren.pdf\">EU-R\u00fcstungsexportbericht 2016<\/a> [17. Bericht]<\/li>\n<li><a href=\"https:\/\/rib-ev.de\/wp-content\/uploads\/2022\/01\/Sechzehnter-Jahresbeicht-Gemaess-Nr.-8-der-operativen-Bestimmungen-ueber-die-Anwendung-des-Verhaltenskodex-der-EU-fuer-Waffenausfuhren.pdf\">EU-R\u00fcstungsexportbericht 2015<\/a> [16. Bericht]<\/li>\n<li><a href=\"https:\/\/rib-ev.de\/wp-content\/uploads\/2022\/01\/Fuenfzehnter-Jahresbeicht-Gemaess-Nr.-8-der-operativen-Bestimmungen-ueber-die-Anwendung-des-Verhaltenskodex-der-EU-fuer-Waffenausfuhren.pdf\">EU-R\u00fcstungsexportbericht 2014<\/a> [15. Bericht]<\/li>\n<li><a href=\"https:\/\/rib-ev.de\/wp-content\/uploads\/2022\/01\/Vierzehnter-Jahresbeicht-Gemaess-Nr.-8-der-operativen-Bestimmungen-ueber-die-Anwendung-des-Verhaltenskodex-der-EU-fuer-Waffenausfuhren.pdf\">EU-R\u00fcstungsexportbericht 2012<\/a> [14. Bericht]<\/li>\n<li><a href=\"https:\/\/rib-ev.de\/wp-content\/uploads\/2022\/01\/CELEX-52011XG011301-DE-TXT.pdf\">EU-R\u00fcstungsexportbericht 2011<\/a> [13. Bericht]<\/li>\n<li><a href=\"https:\/\/rib-ev.de\/wp-content\/uploads\/2022\/01\/CELEX-51999XG1103-DE-TXT-1.pdf\">Eu-R\u00fcstungsexportbericht 2010<\/a> [12. Bericht]<\/li>\n<li><a href=\"https:\/\/rib-ev.de\/wp-content\/uploads\/2022\/01\/Elfter-Jahresbeicht-Gemaess-Nr.-8-der-operativen-Bestimmungen-ueber-die-Anwendung-des-Verhaltenskodex-der-EU-fuer-Waffenausfuhren.pdf\">EU-R\u00fcstungsexportbericht 2009<\/a> [11. Bericht]<\/li>\n<li><a href=\"https:\/\/rib-ev.de\/wp-content\/uploads\/2022\/01\/Zehnter-Jahresbeicht-Gemaess-Nr.-8-der-operativen-Bestimmungen-ueber-die-Anwendung-des-Verhaltenskodex-der-EU-fuer-Waffenausfuhren.pdf\">EU-R\u00fcstungsexportbericht 2008<\/a> [10. Bericht]<\/li>\n<li><a href=\"https:\/\/rib-ev.de\/wp-content\/uploads\/2022\/01\/Neunter-Jahresbeicht-Gemaess-Nr.-8-der-operativen-Bestimmungen-ueber-die-Anwendung-des-Verhaltenskodex-der-EU-fuer-Waffenausfuhren.pdf\">EU-R\u00fcstungsexportbericht 2007 <\/a>[9. Bericht]<\/li>\n<li><a href=\"https:\/\/rib-ev.de\/wp-content\/uploads\/2022\/01\/Achter-Jahresbeicht-Gemaess-Nr.-8-der-operativen-Bestimmungen-ueber-die-Anwendung-des-Verhaltenskodex-der-EU-fuer-Waffenausfuhren.pdf\">EU-R\u00fcstungsexportbericht 2006<\/a> [8. Bericht]<\/li>\n<li><a href=\"https:\/\/rib-ev.de\/wp-content\/uploads\/2022\/01\/Siebter-Jahresbeicht-Gemaess-Nr.-8-der-operativen-Bestimmungen-ueber-die-Anwendung-des-Verhaltenskodex-der-EU-fuer-Waffenausfuhren.pdf\">EU-R\u00fcstungsexportbericht 2005<\/a> [7. Bericht]<\/li>\n<li><a href=\"https:\/\/rib-ev.de\/wp-content\/uploads\/2022\/01\/Sechster-Jahresbeicht-Gemaess-Nr.-8-der-operativen-Bestimmungen-ueber-die-Anwendung-des-Verhaltenskodex-der-EU-fuer-Waffenausfuhren.pdf\">EU-R\u00fcstungsexportbericht 2004<\/a> [6. Bericht]<\/li>\n<li><a href=\"https:\/\/rib-ev.de\/wp-content\/uploads\/2022\/01\/Fuenfter-Jahresbeicht-Gemaess-Nr.-8-der-operativen-Bestimmungen-ueber-die-Anwendung-des-Verhaltenskodex-der-EU-fuer-Waffenausfuhren.pdf\">EU-R\u00fcstungsexportbericht 2003 <\/a>[5. Bericht]<\/li>\n<li><a href=\"https:\/\/rib-ev.de\/wp-content\/uploads\/2022\/01\/Vierter-Jahresbeicht-Gemaess-Nr.-8-der-operativen-Bestimmungen-ueber-die-Anwendung-des-Verhaltenskodex-der-EU-fuer-Waffenausfuhren.pdf\">EU-R\u00fcstungsexportbericht 2002<\/a> [4. Bericht]<\/li>\n<li><a href=\"https:\/\/rib-ev.de\/wp-content\/uploads\/2022\/01\/Dritter-Jahresbeicht-Gemaess-Nr.-8-der-operativen-Bestimmungen-ueber-die-Anwendung-des-Verhaltenskodex-der-EU-fuer-Waffenausfuhren.pdf\">EU-R\u00fcstungsexportbericht 2001<\/a> [3. Bericht]<\/li>\n<li><a href=\"https:\/\/rib-ev.de\/wp-content\/uploads\/2022\/01\/Zweiter-Jahresbeicht-Gemaess-Nr.-8-der-operativen-Bestimmungen-ueber-die-Anwendung-des-Verhaltenskodex-der-EU-fuer-Waffenausfuhren.pdf\">EU-R\u00fcstungsexportbericht 2000<\/a> [2. Bericht]<\/li>\n<li><a href=\"https:\/\/rib-ev.de\/wp-content\/uploads\/2022\/01\/CELEX-51999XG1103-DE-TXT.pdf\">EU-R\u00fcstungsexportbericht 1999<\/a> [1. Bericht]<\/li>\n<\/ul>\n\n<p>\u00a0<\/p>\n\t\t\t\t\t\t\t\t<\/div>\n\t\t\t\t<\/div>\n\t\t\t\t\t<\/div>\n\t\t<\/div>\n\t\t\t\t\t<\/div>\n\t\t<\/section>\n\t\t\t\t<\/div>\n\t\t","protected":false},"excerpt":{"rendered":"<p>Die Jahresberichte der Europ\u00e4ischen Union hinsichtlich der R\u00fcstungsexporte gem. Nr. 8 der operativen Bestimmungen \u00fcber die Anwendung des Verhaltenskodex der EU f\u00fcr Waffenausfuhren k\u00f6nnen Sie hier einsehen. Jeder Jahresbericht hei\u00dft \u201ex-ter Jahresbericht Gem\u00e4\u00df Nr. 8 der operativen Bestimmungen \u00fcber die Anwendung des Verhaltenskodex der EU f\u00fcr Waffenausfuhren\u201c. Der Einfachheit und \u00dcbersichtlichkeit wegen haben wir die [&hellip;]<\/p>\n","protected":false},"author":3,"featured_media":0,"parent":128,"menu_order":0,"comment_status":"closed","ping_status":"closed","template":"","meta":{"site-sidebar-layout":"default","site-content-layout":"","ast-site-content-layout":"default","site-content-style":"default","site-sidebar-style":"default","ast-global-header-display":"","ast-banner-title-visibility":"","ast-main-header-display":"","ast-hfb-above-header-display":"","ast-hfb-below-header-display":"","ast-hfb-mobile-header-display":"","site-post-title":"","ast-breadcrumbs-content":"","ast-featured-img":"","footer-sml-layout":"","ast-disable-related-posts":"","theme-transparent-header-meta":"","adv-header-id-meta":"","stick-header-meta":"","header-above-stick-meta":"","header-main-stick-meta":"","header-below-stick-meta":"","astra-migrate-meta-layouts":"set","ast-page-background-enabled":"default","ast-page-background-meta":{"desktop":{"background-color":"var(--ast-global-color-4)","background-image":"","background-repeat":"repeat","background-position":"center center","background-size":"auto","background-attachment":"scroll","background-type":"","background-media":"","overlay-type":"","overlay-color":"","overlay-opacity":"","overlay-gradient":""},"tablet":{"background-color":"","background-image":"","background-repeat":"repeat","background-position":"center center","background-size":"auto","background-attachment":"scroll","background-type":"","background-media":"","overlay-type":"","overlay-color":"","overlay-opacity":"","overlay-gradient":""},"mobile":{"background-color":"","background-image":"","background-repeat":"repeat","background-position":"center center","background-size":"auto","background-attachment":"scroll","background-type":"","background-media":"","overlay-type":"","overlay-color":"","overlay-opacity":"","overlay-gradient":""}},"ast-content-background-meta":{"desktop":{"background-color":"var(--ast-global-color-5)","background-image":"","background-repeat":"repeat","background-position":"center center","background-size":"auto","background-attachment":"scroll","background-type":"","background-media":"","overlay-type":"","overlay-color":"","overlay-opacity":"","overlay-gradient":""},"tablet":{"background-color":"var(--ast-global-color-5)","background-image":"","background-repeat":"repeat","background-position":"center center","background-size":"auto","background-attachment":"scroll","background-type":"","background-media":"","overlay-type":"","overlay-color":"","overlay-opacity":"","overlay-gradient":""},"mobile":{"background-color":"var(--ast-global-color-5)","background-image":"","background-repeat":"repeat","background-position":"center center","background-size":"auto","background-attachment":"scroll","background-type":"","background-media":"","overlay-type":"","overlay-color":"","overlay-opacity":"","overlay-gradient":""}},"footnotes":""},"class_list":["post-231","page","type-page","status-publish","hentry"],"_links":{"self":[{"href":"https:\/\/rib-ev.de\/index.php?rest_route=\/wp\/v2\/pages\/231","targetHints":{"allow":["GET"]}}],"collection":[{"href":"https:\/\/rib-ev.de\/index.php?rest_route=\/wp\/v2\/pages"}],"about":[{"href":"https:\/\/rib-ev.de\/index.php?rest_route=\/wp\/v2\/types\/page"}],"author":[{"embeddable":true,"href":"https:\/\/rib-ev.de\/index.php?rest_route=\/wp\/v2\/users\/3"}],"replies":[{"embeddable":true,"href":"https:\/\/rib-ev.de\/index.php?rest_route=%2Fwp%2Fv2%2Fcomments&post=231"}],"version-history":[{"count":9,"href":"https:\/\/rib-ev.de\/index.php?rest_route=\/wp\/v2\/pages\/231\/revisions"}],"predecessor-version":[{"id":2882,"href":"https:\/\/rib-ev.de\/index.php?rest_route=\/wp\/v2\/pages\/231\/revisions\/2882"}],"up":[{"embeddable":true,"href":"https:\/\/rib-ev.de\/index.php?rest_route=\/wp\/v2\/pages\/128"}],"wp:attachment":[{"href":"https:\/\/rib-ev.de\/index.php?rest_route=%2Fwp%2Fv2%2Fmedia&parent=231"}],"curies":[{"name":"wp","href":"https:\/\/api.w.org\/{rel}","templated":true}]}}