{"id":123,"date":"2022-01-06T01:11:54","date_gmt":"2022-01-06T00:11:54","guid":{"rendered":"https:\/\/rib-ev.de\/?page_id=123"},"modified":"2025-08-15T12:15:15","modified_gmt":"2025-08-15T10:15:15","slug":"wer-sind-wir","status":"publish","type":"page","link":"https:\/\/rib-ev.de\/?page_id=123","title":{"rendered":"Wer sind Wir?"},"content":{"rendered":"<style>\/*! elementor - v3.11.0 - 13-02-2023 *\/\n.elementor-column .elementor-spacer-inner{height:var(--spacer-size)}.e-con{--container-widget-width:100%}.e-con-inner>.elementor-widget-spacer,.e-con>.elementor-widget-spacer{width:var(--container-widget-width,var(--spacer-size));--align-self:var(--container-widget-align-self,initial);--flex-shrink:0}.e-con-inner>.elementor-widget-spacer>.elementor-widget-container,.e-con-inner>.elementor-widget-spacer>.elementor-widget-container>.elementor-spacer,.e-con>.elementor-widget-spacer>.elementor-widget-container,.e-con>.elementor-widget-spacer>.elementor-widget-container>.elementor-spacer{height:100%}.e-con-inner>.elementor-widget-spacer>.elementor-widget-container>.elementor-spacer>.elementor-spacer-inner,.e-con>.elementor-widget-spacer>.elementor-widget-container>.elementor-spacer>.elementor-spacer-inner{height:var(--container-widget-height,var(--spacer-size))}<\/style>\n<style>\/*! elementor - v3.11.0 - 13-02-2023 *\/\n.elementor-heading-title{padding:0;margin:0;line-height:1}.elementor-widget-heading .elementor-heading-title[class*=elementor-size-]>a{color:inherit;font-size:inherit;line-height:inherit}.elementor-widget-heading .elementor-heading-title.elementor-size-small{font-size:15px}.elementor-widget-heading .elementor-heading-title.elementor-size-medium{font-size:19px}.elementor-widget-heading .elementor-heading-title.elementor-size-large{font-size:29px}.elementor-widget-heading .elementor-heading-title.elementor-size-xl{font-size:39px}.elementor-widget-heading .elementor-heading-title.elementor-size-xxl{font-size:59px}<\/style>\n<h4>Was ist unser Anspruch? <\/h4>\n<style>\/*! elementor - v3.11.0 - 13-02-2023 *\/\n.elementor-widget-divider{--divider-border-style:none;--divider-border-width:1px;--divider-color:#2c2c2c;--divider-icon-size:20px;--divider-element-spacing:10px;--divider-pattern-height:24px;--divider-pattern-size:20px;--divider-pattern-url:none;--divider-pattern-repeat:repeat-x}.elementor-widget-divider .elementor-divider{display:flex}.elementor-widget-divider .elementor-divider__text{font-size:15px;line-height:1;max-width:95%}.elementor-widget-divider .elementor-divider__element{margin:0 var(--divider-element-spacing);flex-shrink:0}.elementor-widget-divider .elementor-icon{font-size:var(--divider-icon-size)}.elementor-widget-divider .elementor-divider-separator{display:flex;margin:0;direction:ltr}.elementor-widget-divider--view-line_icon .elementor-divider-separator,.elementor-widget-divider--view-line_text .elementor-divider-separator{align-items:center}.elementor-widget-divider--view-line_icon .elementor-divider-separator:after,.elementor-widget-divider--view-line_icon .elementor-divider-separator:before,.elementor-widget-divider--view-line_text .elementor-divider-separator:after,.elementor-widget-divider--view-line_text .elementor-divider-separator:before{display:block;content:\"\";border-bottom:0;flex-grow:1;border-top:var(--divider-border-width) var(--divider-border-style) var(--divider-color)}.elementor-widget-divider--element-align-left .elementor-divider .elementor-divider-separator>.elementor-divider__svg:first-of-type{flex-grow:0;flex-shrink:100}.elementor-widget-divider--element-align-left .elementor-divider-separator:before{content:none}.elementor-widget-divider--element-align-left .elementor-divider__element{margin-left:0}.elementor-widget-divider--element-align-right .elementor-divider .elementor-divider-separator>.elementor-divider__svg:last-of-type{flex-grow:0;flex-shrink:100}.elementor-widget-divider--element-align-right .elementor-divider-separator:after{content:none}.elementor-widget-divider--element-align-right .elementor-divider__element{margin-right:0}.elementor-widget-divider:not(.elementor-widget-divider--view-line_text):not(.elementor-widget-divider--view-line_icon) .elementor-divider-separator{border-top:var(--divider-border-width) var(--divider-border-style) var(--divider-color)}.elementor-widget-divider--separator-type-pattern{--divider-border-style:none}.elementor-widget-divider--separator-type-pattern.elementor-widget-divider--view-line .elementor-divider-separator,.elementor-widget-divider--separator-type-pattern:not(.elementor-widget-divider--view-line) .elementor-divider-separator:after,.elementor-widget-divider--separator-type-pattern:not(.elementor-widget-divider--view-line) .elementor-divider-separator:before,.elementor-widget-divider--separator-type-pattern:not([class*=elementor-widget-divider--view]) .elementor-divider-separator{width:100%;min-height:var(--divider-pattern-height);-webkit-mask-size:var(--divider-pattern-size) 100%;mask-size:var(--divider-pattern-size) 100%;-webkit-mask-repeat:var(--divider-pattern-repeat);mask-repeat:var(--divider-pattern-repeat);background-color:var(--divider-color);-webkit-mask-image:var(--divider-pattern-url);mask-image:var(--divider-pattern-url)}.elementor-widget-divider--no-spacing{--divider-pattern-size:auto}.elementor-widget-divider--bg-round{--divider-pattern-repeat:round}.rtl .elementor-widget-divider .elementor-divider__text{direction:rtl}.e-con-inner>.elementor-widget-divider,.e-con>.elementor-widget-divider{width:var(--container-widget-width,100%);--flex-grow:var(--container-widget-flex-grow)}<\/style>\n<h1>Waffenexporte Stoppen und  Kriegsverbrechen Verhindern!<\/h1>\n<h2>Gesicht zeigen gegen Waffenexporte<\/h2>\n<h3>Wir stehen ein f\u00fcr eine friedlichere Welt. <br \/><\/h3>\n<p>Als R\u00fcstungsInformationsB\u00fcro e.V. (RIB) sind wir uns unserer gesellschaftlichen Verantwortung der Friedens- und Zukunftssicherung bewusst. Wir tragen damit zu einer friedlicheren und gerechteren Welt auch f\u00fcr die nachfolgenden Generationen bei.<\/p>\n<p>Die Leitlinien unseres gemeinsamen Handelns sind der Humanismus sowie die konkrete Umsetzung und Wahrung der Menschenrechte. Die Einhaltung von nationalen und internationalen Gesetzen und Normen ist die Basis unserer Friedensarbeit.<\/p>\n<style>\/*! elementor - v3.11.0 - 13-02-2023 *\/\n.elementor-widget-image-carousel .swiper,.elementor-widget-image-carousel .swiper-container{position:static}.elementor-widget-image-carousel .swiper-container .swiper-slide figure,.elementor-widget-image-carousel .swiper .swiper-slide figure{line-height:inherit}.elementor-widget-image-carousel .swiper-slide{text-align:center}.elementor-image-carousel-wrapper:not(.swiper-container-initialized) .swiper-slide,.elementor-image-carousel-wrapper:not(.swiper-initialized) .swiper-slide{max-width:calc(100% \/ var(--e-image-carousel-slides-to-show, 3))}<\/style>\n<figure><img decoding=\"async\" src=\"https:\/\/rib-ev.de\/wp-content\/uploads\/2022\/01\/TestJG2-1.png\" alt=\"TestJG2-1.png\" \/><\/figure>\n<figure><img decoding=\"async\" src=\"https:\/\/rib-ev.de\/wp-content\/uploads\/2022\/01\/TestSM2-1.png\" alt=\"TestSM2-1.png\" \/><\/figure>\n<figure><img decoding=\"async\" src=\"https:\/\/rib-ev.de\/wp-content\/uploads\/2022\/01\/TestMF2-1.png\" alt=\"TestMF2-1.png\" \/><\/figure>\n<figure><img decoding=\"async\" src=\"https:\/\/rib-ev.de\/wp-content\/uploads\/2022\/01\/TestWW2-1.png\" alt=\"TestWW2-1.png\" \/><\/figure>\n<figure><img decoding=\"async\" src=\"https:\/\/rib-ev.de\/wp-content\/uploads\/2022\/01\/TestMS-1.png\" alt=\"TestMS-1.png\" \/><\/figure>\n<p>\t\t\t\t\t\t\t\t\t\t\t\tZur\u00fcck<br \/>\n\t\t\t\t\t\t\t\t\t\t\t\tWeiter<\/p>\n<h2>Unser Leitbild<\/h2>\n<style>\/*! elementor - v3.11.0 - 13-02-2023 *\/\n.elementor-widget-image{text-align:center}.elementor-widget-image a{display:inline-block}.elementor-widget-image a img[src$=\".svg\"]{width:48px}.elementor-widget-image img{vertical-align:middle;display:inline-block}<\/style>\n<p>\t\t\t\t\t\t\t\t\t\t\t\t<img loading=\"lazy\" decoding=\"async\" width=\"300\" height=\"243\" src=\"https:\/\/rib-ev.de\/wp-content\/uploads\/2022\/01\/team-spirit-2447163_1920-300x243.jpg\" alt=\"\" loading=\"lazy\" srcset=\"https:\/\/rib-ev.de\/wp-content\/uploads\/2022\/01\/team-spirit-2447163_1920-300x243.jpg 300w, https:\/\/rib-ev.de\/wp-content\/uploads\/2022\/01\/team-spirit-2447163_1920-1024x829.jpg 1024w, https:\/\/rib-ev.de\/wp-content\/uploads\/2022\/01\/team-spirit-2447163_1920-768x622.jpg 768w, https:\/\/rib-ev.de\/wp-content\/uploads\/2022\/01\/team-spirit-2447163_1920-1536x1244.jpg 1536w, https:\/\/rib-ev.de\/wp-content\/uploads\/2022\/01\/team-spirit-2447163_1920.jpg 1920w\" sizes=\"auto, (max-width: 300px) 100vw, 300px\" \/><br \/>\n\t\t\t\t\t\t\t\t\t\t\t\t\t\t\t<img loading=\"lazy\" decoding=\"async\" width=\"768\" height=\"445\" src=\"https:\/\/rib-ev.de\/wp-content\/uploads\/2022\/01\/a4p-english-logo-1016_2-768x445.jpg\" alt=\"\" loading=\"lazy\" srcset=\"https:\/\/rib-ev.de\/wp-content\/uploads\/2022\/01\/a4p-english-logo-1016_2-768x445.jpg 768w, https:\/\/rib-ev.de\/wp-content\/uploads\/2022\/01\/a4p-english-logo-1016_2-300x174.jpg 300w, https:\/\/rib-ev.de\/wp-content\/uploads\/2022\/01\/a4p-english-logo-1016_2-1024x593.jpg 1024w, https:\/\/rib-ev.de\/wp-content\/uploads\/2022\/01\/a4p-english-logo-1016_2.jpg 1200w\" sizes=\"auto, (max-width: 768px) 100vw, 768px\" \/><br \/>\n\t\t\t\t\t\t\t\t\t\t\t\t\t\t\t<img loading=\"lazy\" decoding=\"async\" width=\"1024\" height=\"558\" src=\"https:\/\/rib-ev.de\/wp-content\/uploads\/2022\/01\/colorful-1974699_1920-1024x558.png\" alt=\"\" loading=\"lazy\" srcset=\"https:\/\/rib-ev.de\/wp-content\/uploads\/2022\/01\/colorful-1974699_1920-1024x558.png 1024w, https:\/\/rib-ev.de\/wp-content\/uploads\/2022\/01\/colorful-1974699_1920-300x164.png 300w, https:\/\/rib-ev.de\/wp-content\/uploads\/2022\/01\/colorful-1974699_1920-768x419.png 768w, https:\/\/rib-ev.de\/wp-content\/uploads\/2022\/01\/colorful-1974699_1920-1536x838.png 1536w, https:\/\/rib-ev.de\/wp-content\/uploads\/2022\/01\/colorful-1974699_1920.png 1920w\" sizes=\"auto, (max-width: 1024px) 100vw, 1024px\" \/>\t\t\t\t\t\t\t\t\t\t\t\t\t\t\t<\/p>\n<h5>01.<\/h5>\n<h4>\u2014 Unsere Werte<\/h4>\n<h5>Unser Handeln ist gepr\u00e4gt von Ethik und Moral. Diese werden definiert \u00fcber ein Bekenntnis zu Humanismus, Menschenrechten und Pazifismus. Unser Pazifismus verpflichtet uns zu gewaltfreiem Handeln.<br \/><\/h5>\n<h5>Unsere Kommunikation ist gepr\u00e4gt von offenem, transparentem und respektvollem Umgang mit allen unseren Gespr\u00e4chs- und Verhandlungspartnern.<\/h5>\n<h5>02.<\/h5>\n<h4>\u2014 Unsere Mission<\/h4>\n<h5> Mit dem Export von Kriegswaffen und R\u00fcstungsg\u00fctern wird vielfach \u00d6l ins Feuer von Kriegen und bewaffneten Konflikten gegossen. Unz\u00e4hlige Menschen sind Opfer dieser Politik, Millionen werden in die Flucht getrieben.<br \/><\/h5>\n<h5>Um Licht ins Dunkel der Machenschaften der R\u00fcstungsindustrie zu bringen, recherchieren, archivieren und publizieren wir \u00fcber Forschung, Entwicklung, Produktion sowie legalen und illegalen Exporten von Kriegswaffen und R\u00fcstungsg\u00fcter.<\/h5>\n<h5>03.<\/h5>\n<h4>\u2014 Unsere Vision<\/h4>\n<p>Wir wollen unseren Beitrag leisten zur Schaffung einer friedlichen und gerechten Welt auch f\u00fcr die nachfolgenden Generationen beitragen.<strong><br \/><\/strong><\/p>\n<p><strong>Wir unterst\u00fctzen die Konversion der R\u00fcstungsindustrie auf nachhaltige zivile Produkte. Diese ist f\u00fcr uns nicht nur eine Utopie, sondern eine realisierbare, gesamtgesellschaftliche Aufgabe<\/strong><\/p>\n<p><strong>Unsere Vision ist eine Welt ohne Waffen und Milit\u00e4r.<\/strong><\/p>\n<h2>Vorstand<\/h2>\n<p>\t\t\t\t\t\t\t\t\t\t\t\t\t\t\t<img loading=\"lazy\" decoding=\"async\" width=\"945\" height=\"827\" src=\"https:\/\/rib-ev.de\/wp-content\/uploads\/2022\/01\/02-Portrait-JG-dunkel__Fotostudio-Seeh-Stern.png\" alt=\"\" loading=\"lazy\" srcset=\"https:\/\/rib-ev.de\/wp-content\/uploads\/2022\/01\/02-Portrait-JG-dunkel__Fotostudio-Seeh-Stern.png 945w, https:\/\/rib-ev.de\/wp-content\/uploads\/2022\/01\/02-Portrait-JG-dunkel__Fotostudio-Seeh-Stern-300x263.png 300w, https:\/\/rib-ev.de\/wp-content\/uploads\/2022\/01\/02-Portrait-JG-dunkel__Fotostudio-Seeh-Stern-768x672.png 768w\" sizes=\"auto, (max-width: 945px) 100vw, 945px\" \/>\t\t\t\t\t\t\t\t\t\t\t\t\t\t\t<\/p>\n<p>J\u00fcrgen Gr\u00e4sslin\u00a0<\/p>\n<h2>Wissenschaftlicher Beirat<\/h2>\n<h2>Informationen<\/h2>\n<figure><img decoding=\"async\" src=\"https:\/\/rib-ev.de\/wp-content\/uploads\/2022\/01\/GNSTAT-Mini.png\" alt=\"GNSTAT-Mini.png\" \/><\/figure>\n<figure><img decoding=\"async\" src=\"https:\/\/rib-ev.de\/wp-content\/uploads\/2022\/01\/Aufschrei-Mini.png\" alt=\"Aufschrei-Mini.png\" \/><\/figure>\n<figure><img decoding=\"async\" src=\"https:\/\/rib-ev.de\/wp-content\/uploads\/2022\/01\/download-e1641431438174.png\" alt=\"download\" \/><\/figure>\n<figure><img decoding=\"async\" src=\"https:\/\/rib-ev.de\/wp-content\/uploads\/2022\/01\/KI-MIni.png\" alt=\"KI-MIni.png\" \/><\/figure>\n<figure><img decoding=\"async\" src=\"https:\/\/rib-ev.de\/wp-content\/uploads\/2022\/01\/iansa_logo.png\" alt=\"iansa_logo.png\" \/><\/figure>\n<figure><img decoding=\"async\" src=\"https:\/\/rib-ev.de\/wp-content\/uploads\/2022\/01\/RIB-Rund-Mini-1.png\" alt=\"RIB-Rund-Mini.png\" \/><\/figure>\n<figure><img decoding=\"async\" src=\"https:\/\/rib-ev.de\/wp-content\/uploads\/2022\/01\/SIPRI-Mini.png\" alt=\"SIPRI-Mini.png\" \/><\/figure>\n<figure><img decoding=\"async\" src=\"https:\/\/rib-ev.de\/wp-content\/uploads\/2022\/01\/RIB-AIC-CIA-Mini.png\" alt=\"RIB-AIC-CIA-Mini.png\" \/><\/figure>\n<p>\t\t\t\t\t\t\t\t\t\t\t\tZur\u00fcck<br \/>\n\t\t\t\t\t\t\t\t\t\t\t\tWeiter<\/p>\n<h2>Ihre Spende wirkt!<\/h2>\n<h2>Unterst\u00fctzen Sie unsere Arbeit, und helfen sie uns, Kriegsverbrechen zu verhindern<\/h2>\n<p>\t\t\t<a href=\"https:\/\/rib-ev.de\/?page_id=180\" role=\"button\"><br \/>\n\t\t\t\t\t\tdonate<br \/>\n\t\t\t\t\t<\/a><\/p>\n","protected":false},"excerpt":{"rendered":"<p>Was ist unser Anspruch? Waffenexporte Stoppen und Kriegsverbrechen Verhindern! Gesicht zeigen gegen Waffenexporte Wir stehen ein f\u00fcr eine friedlichere Welt. Als R\u00fcstungsInformationsB\u00fcro e.V. (RIB) sind wir uns unserer gesellschaftlichen Verantwortung der Friedens- und Zukunftssicherung bewusst. Wir tragen damit zu einer friedlicheren und gerechteren Welt auch f\u00fcr die nachfolgenden Generationen bei. Die Leitlinien unseres gemeinsamen Handelns [&hellip;]<\/p>\n","protected":false},"author":2,"featured_media":0,"parent":0,"menu_order":0,"comment_status":"closed","ping_status":"closed","template":"","meta":{"site-sidebar-layout":"no-sidebar","site-content-layout":"page-builder","ast-site-content-layout":"full-width-container","site-content-style":"unboxed","site-sidebar-style":"unboxed","ast-global-header-display":"","ast-banner-title-visibility":"","ast-main-header-display":"","ast-hfb-above-header-display":"","ast-hfb-below-header-display":"","ast-hfb-mobile-header-display":"","site-post-title":"disabled","ast-breadcrumbs-content":"","ast-featured-img":"disabled","footer-sml-layout":"","ast-disable-related-posts":"","theme-transparent-header-meta":"","adv-header-id-meta":"","stick-header-meta":"","header-above-stick-meta":"","header-main-stick-meta":"","header-below-stick-meta":"","astra-migrate-meta-layouts":"set","ast-page-background-enabled":"default","ast-page-background-meta":{"desktop":{"background-color":"var(--ast-global-color-4)","background-image":"","background-repeat":"repeat","background-position":"center center","background-size":"auto","background-attachment":"scroll","background-type":"","background-media":"","overlay-type":"","overlay-color":"","overlay-opacity":"","overlay-gradient":""},"tablet":{"background-color":"","background-image":"","background-repeat":"repeat","background-position":"center center","background-size":"auto","background-attachment":"scroll","background-type":"","background-media":"","overlay-type":"","overlay-color":"","overlay-opacity":"","overlay-gradient":""},"mobile":{"background-color":"","background-image":"","background-repeat":"repeat","background-position":"center center","background-size":"auto","background-attachment":"scroll","background-type":"","background-media":"","overlay-type":"","overlay-color":"","overlay-opacity":"","overlay-gradient":""}},"ast-content-background-meta":{"desktop":{"background-color":"var(--ast-global-color-5)","background-image":"","background-repeat":"repeat","background-position":"center center","background-size":"auto","background-attachment":"scroll","background-type":"","background-media":"","overlay-type":"","overlay-color":"","overlay-opacity":"","overlay-gradient":""},"tablet":{"background-color":"var(--ast-global-color-5)","background-image":"","background-repeat":"repeat","background-position":"center center","background-size":"auto","background-attachment":"scroll","background-type":"","background-media":"","overlay-type":"","overlay-color":"","overlay-opacity":"","overlay-gradient":""},"mobile":{"background-color":"var(--ast-global-color-5)","background-image":"","background-repeat":"repeat","background-position":"center center","background-size":"auto","background-attachment":"scroll","background-type":"","background-media":"","overlay-type":"","overlay-color":"","overlay-opacity":"","overlay-gradient":""}},"footnotes":""},"class_list":["post-123","page","type-page","status-publish","hentry"],"_links":{"self":[{"href":"https:\/\/rib-ev.de\/index.php?rest_route=\/wp\/v2\/pages\/123","targetHints":{"allow":["GET"]}}],"collection":[{"href":"https:\/\/rib-ev.de\/index.php?rest_route=\/wp\/v2\/pages"}],"about":[{"href":"https:\/\/rib-ev.de\/index.php?rest_route=\/wp\/v2\/types\/page"}],"author":[{"embeddable":true,"href":"https:\/\/rib-ev.de\/index.php?rest_route=\/wp\/v2\/users\/2"}],"replies":[{"embeddable":true,"href":"https:\/\/rib-ev.de\/index.php?rest_route=%2Fwp%2Fv2%2Fcomments&post=123"}],"version-history":[{"count":10,"href":"https:\/\/rib-ev.de\/index.php?rest_route=\/wp\/v2\/pages\/123\/revisions"}],"predecessor-version":[{"id":2833,"href":"https:\/\/rib-ev.de\/index.php?rest_route=\/wp\/v2\/pages\/123\/revisions\/2833"}],"wp:attachment":[{"href":"https:\/\/rib-ev.de\/index.php?rest_route=%2Fwp%2Fv2%2Fmedia&parent=123"}],"curies":[{"name":"wp","href":"https:\/\/api.w.org\/{rel}","templated":true}]}}