{"id":1190,"date":"2022-02-15T09:44:52","date_gmt":"2022-02-15T08:44:52","guid":{"rendered":"https:\/\/rib-ev.de\/?page_id=1190"},"modified":"2022-04-06T12:20:50","modified_gmt":"2022-04-06T10:20:50","slug":"birkacher-erklaerung","status":"publish","type":"page","link":"https:\/\/rib-ev.de\/?page_id=1190","title":{"rendered":"Birkacher Erkl\u00e4rung\u200b"},"content":{"rendered":"\n<p><strong><a href=\"https:\/\/www.friedenspfarramt.elk-wue.de\/\" target=\"_blank\" rel=\"noreferrer noopener\">Birkacher Erkl\u00e4rung Waffenexporte \u00e4chten<\/a><\/strong><\/p>\n\n\n\n<h3 class=\"wp-block-heading\" id=\"konvent-der-beistandspfarrer-fur-kriegsdienstverweigerer-und-der-friedensbeauftragtenin-der-evangelischen-landeskirche-in-wurttemberg\"><em>Konvent der Beistandspfarrer f\u00fcr Kriegsdienstverweigerer und der Friedensbeauftragtenin der Evangelischen Landeskirche in W\u00fcrttemberg:<\/em><\/h3>\n\n\n\n<h2 class=\"has-text-align-left wp-block-heading\" id=\"birkacher-erklarung-waffenexporte-achten\">Birkacher Erkl\u00e4rung: Waffenexporte \u00e4chten!<\/h2>\n\n\n\n<p><em>\u201eAls \u201aEuropameister der Waffenexporte\u2019 wurde unser Land in diesen Tagen bezeichnet; f\u00fcr mich wurde das zu einer Karfreitagsnachricht. (\u2026) Unsere Aufgabe ist es, der t\u00f6tenden Gewalt zuvorzukommen, nicht den Tod durch Waffengewalt herbeizuf\u00fchren.\u201c<\/em><\/p>\n\n\n\n<p>(Bischof Wolfgang Huber in seiner Karfreitagspredigt am 10. April 2009)<\/p>\n\n\n\n<p>Mit Fragen von Waffenproduktion, R\u00fcstungsexport und R\u00fcstungskonversion hat sich der Konvent der Beistandspfarrer f\u00fcr Kriegsdienstverweigerer und der Friedensbeauftragten in der Evangelischen Landeskirche in W\u00fcrttemberg in seiner Studientagung am 20.\/21. April 2009 in Stuttgart-Birkach befasst.<\/p>\n\n\n\n<p>Wir sind noch ersch\u00fcttert durch die Ereignisse, bei denen in nur wenigen Wochen in unserer Region in den St\u00e4dten Winnenden und Wendlingen ein Amoklauf 16 Todesopfer gefordert hat und wenig sp\u00e4ter in Eislingen weitere Menschen durch junge M\u00e4nner ermordet wurden. Die T\u00e4ter hatten jeweils leichten Zugang zu Waffen.<\/p>\n\n\n\n<p>Laut \u201eAmnesty International\u201c stirbt weltweit in jeder Minute ein Mensch durch Kleinwaffen. Sch\u00e4tzungen zufolge sind auf der Welt 500 bis 800 Millionen Kleinwaffen in Umlauf.<\/p>\n\n\n\n<p>Umso mehr sind wir best\u00fcrzt dar\u00fcber, dass in unserem Land massenhaft Waffen produziert und exportiert werden. Der R\u00fcstungsexportbericht 2007 der \u201eGemeinsamen Konferenz Kirche und Entwicklung\u201c (GKKE) beziffert die Genehmigungen f\u00fcr Waffenexporte aus der Bundesrepublik Deutschland f\u00fcr das Jahr 2006 auf 7,7 Milliarden Euro. Im Jahr zuvor waren es 6,2 Milliarden. Damit hat Deutschland seine Stellung als gr\u00f6\u00dfter Waffenexporteur in der Europ\u00e4ischen Union ausgebaut. Zwischen 1996 und 2005 hat sich der Wert deutscher Ausfuhrgenehmigungen f\u00fcr Kleinwaffen milit\u00e4rischer Zwecke versiebenfacht. Die EKD-Denkschrift \u201eAus Gottes Frieden leben \u2013 f\u00fcr gerechten Frieden sorgen\u201c stellt dazu fest: \u201e\u2026von der Anh\u00e4ufung und Verbreitung kleiner und leichter Waffen gehen nicht zu untersch\u00e4tzende Bedrohungen f\u00fcr Frieden, Stabilit\u00e4t und nachhaltige Entwicklung aus. Die Verbreitung dieser Waffenkategorie ernsthaft und verbindlich zu bek\u00e4mpfen, ist deshalb ein friedenspolitisches Ziel, das auch christliche Initiativen unterst\u00fctzen.\u201c<\/p>\n\n\n\n<p>(Aus Gottes Frieden leben \u2013 f\u00fcr gerechten Frieden sorgen. Eine Denkschrift des Rates der Evangelischen Kirche in Deutschland, 2007, G\u00fctersloher Verlagshaus, S. 128. Im gleichen Geist \u00e4u\u00dferte sich der Oekumenische Rat der Kirchen u.a. beim Teambesuch anl\u00e4sslich der Dekade zur \u00dcberwindung von Gewalt im Bundesministerium der Verteidigung am 3. Juli 2008. Ihre Grundhaltung legen die europ\u00e4ischen Kirchen in der Charta Oecumenica in Kap. III, 8 dar.)<\/p>\n\n\n\n<p>Wir bitten darum die Landessynode, in Wahrnehmung ihrer friedensethischen Verantwortung folgende Anliegen gegen\u00fcber Parlament und Regierung zu vertreten:<\/p>\n\n\n\n<ul class=\"wp-block-list\"><li>\u00c4u\u00dferst restriktive Handhabung des Exports von Waffen und Munition. Genehmigungen sind in jedem Einzelfall zu begr\u00fcnden.<\/li><li>Vollst\u00e4ndiger Verzicht auf staatliche Absicherung von R\u00fcstungsgesch\u00e4ften (Hermes-B\u00fcrgschaften).<\/li><li>Herstellung von Transparenz: Bundestag und \u00d6ffentlichkeit m\u00fcssen vor den Entscheidungen \u00fcber R\u00fcstungsexporte informiert werden, um einen demokratischen Meinungsbildungsprozess zu erm\u00f6glichen.<\/li><li>Umstellung (Konversion) der milit\u00e4rischen auf zivile lebensf\u00f6rdernde Produktion.<\/li><\/ul>\n\n\n\n<p>Anstatt Europameister der Waffenexporte zu sein, sollte sich Deutschland bem\u00fchen, Europameister in der Ausbildung von Fachkr\u00e4ften zur zivilen L\u00f6sung von Konflikten zu werden.<\/p>\n\n\n\n<p>Stuttgart-Birkach, 21.4.2009<\/p>\n\n\n\n<p><em>Einstimmig angenommen<\/em><\/p>\n\n\n\n<p><a href=\"https:\/\/rib-ev.de\/wp-content\/uploads\/2022\/04\/2009-04-21_Birkacher_Erklaerung.pdf\" target=\"_blank\" rel=\"noreferrer noopener\">Birkacher Erkl\u00e4rung als .pdf DEU\/EN<\/a><\/p>\n","protected":false},"excerpt":{"rendered":"<p>Birkacher Erkl\u00e4rung Waffenexporte \u00e4chten Konvent der Beistandspfarrer f\u00fcr Kriegsdienstverweigerer und der Friedensbeauftragtenin der Evangelischen Landeskirche in W\u00fcrttemberg: Birkacher Erkl\u00e4rung: Waffenexporte \u00e4chten! \u201eAls \u201aEuropameister der Waffenexporte\u2019 wurde unser Land in diesen Tagen bezeichnet; f\u00fcr mich wurde das zu einer Karfreitagsnachricht. (\u2026) Unsere Aufgabe ist es, der t\u00f6tenden Gewalt zuvorzukommen, nicht den Tod durch Waffengewalt herbeizuf\u00fchren.\u201c (Bischof [&hellip;]<\/p>\n","protected":false},"author":2,"featured_media":0,"parent":133,"menu_order":0,"comment_status":"closed","ping_status":"closed","template":"","meta":{"site-sidebar-layout":"default","site-content-layout":"","ast-site-content-layout":"default","site-content-style":"default","site-sidebar-style":"default","ast-global-header-display":"","ast-banner-title-visibility":"","ast-main-header-display":"","ast-hfb-above-header-display":"","ast-hfb-below-header-display":"","ast-hfb-mobile-header-display":"","site-post-title":"","ast-breadcrumbs-content":"","ast-featured-img":"","footer-sml-layout":"","ast-disable-related-posts":"","theme-transparent-header-meta":"","adv-header-id-meta":"","stick-header-meta":"","header-above-stick-meta":"","header-main-stick-meta":"","header-below-stick-meta":"","astra-migrate-meta-layouts":"default","ast-page-background-enabled":"default","ast-page-background-meta":{"desktop":{"background-color":"var(--ast-global-color-4)","background-image":"","background-repeat":"repeat","background-position":"center center","background-size":"auto","background-attachment":"scroll","background-type":"","background-media":"","overlay-type":"","overlay-color":"","overlay-opacity":"","overlay-gradient":""},"tablet":{"background-color":"","background-image":"","background-repeat":"repeat","background-position":"center center","background-size":"auto","background-attachment":"scroll","background-type":"","background-media":"","overlay-type":"","overlay-color":"","overlay-opacity":"","overlay-gradient":""},"mobile":{"background-color":"","background-image":"","background-repeat":"repeat","background-position":"center center","background-size":"auto","background-attachment":"scroll","background-type":"","background-media":"","overlay-type":"","overlay-color":"","overlay-opacity":"","overlay-gradient":""}},"ast-content-background-meta":{"desktop":{"background-color":"var(--ast-global-color-5)","background-image":"","background-repeat":"repeat","background-position":"center center","background-size":"auto","background-attachment":"scroll","background-type":"","background-media":"","overlay-type":"","overlay-color":"","overlay-opacity":"","overlay-gradient":""},"tablet":{"background-color":"var(--ast-global-color-5)","background-image":"","background-repeat":"repeat","background-position":"center center","background-size":"auto","background-attachment":"scroll","background-type":"","background-media":"","overlay-type":"","overlay-color":"","overlay-opacity":"","overlay-gradient":""},"mobile":{"background-color":"var(--ast-global-color-5)","background-image":"","background-repeat":"repeat","background-position":"center center","background-size":"auto","background-attachment":"scroll","background-type":"","background-media":"","overlay-type":"","overlay-color":"","overlay-opacity":"","overlay-gradient":""}},"footnotes":""},"class_list":["post-1190","page","type-page","status-publish","hentry"],"_links":{"self":[{"href":"https:\/\/rib-ev.de\/index.php?rest_route=\/wp\/v2\/pages\/1190","targetHints":{"allow":["GET"]}}],"collection":[{"href":"https:\/\/rib-ev.de\/index.php?rest_route=\/wp\/v2\/pages"}],"about":[{"href":"https:\/\/rib-ev.de\/index.php?rest_route=\/wp\/v2\/types\/page"}],"author":[{"embeddable":true,"href":"https:\/\/rib-ev.de\/index.php?rest_route=\/wp\/v2\/users\/2"}],"replies":[{"embeddable":true,"href":"https:\/\/rib-ev.de\/index.php?rest_route=%2Fwp%2Fv2%2Fcomments&post=1190"}],"version-history":[{"count":6,"href":"https:\/\/rib-ev.de\/index.php?rest_route=\/wp\/v2\/pages\/1190\/revisions"}],"predecessor-version":[{"id":2276,"href":"https:\/\/rib-ev.de\/index.php?rest_route=\/wp\/v2\/pages\/1190\/revisions\/2276"}],"up":[{"embeddable":true,"href":"https:\/\/rib-ev.de\/index.php?rest_route=\/wp\/v2\/pages\/133"}],"wp:attachment":[{"href":"https:\/\/rib-ev.de\/index.php?rest_route=%2Fwp%2Fv2%2Fmedia&parent=1190"}],"curies":[{"name":"wp","href":"https:\/\/api.w.org\/{rel}","templated":true}]}}