{"id":1174,"date":"2022-02-15T09:40:18","date_gmt":"2022-02-15T08:40:18","guid":{"rendered":"https:\/\/rib-ev.de\/?page_id=1174"},"modified":"2022-06-03T12:43:39","modified_gmt":"2022-06-03T10:43:39","slug":"gewalt-und-computerspiele","status":"publish","type":"page","link":"https:\/\/rib-ev.de\/?page_id=1174","title":{"rendered":"Gewalt und Computerspiele\u200b"},"content":{"rendered":"\n<p><\/p>\n\n\n\n<h3 class=\"wp-block-heading\" id=\"krieg-in-kinderkopfen-von-virtuellen-welten-zur-realen-gewalt\">Krieg in Kinderk\u00f6pfen: Von virtuellen Welten zur realen Gewalt.<\/h3>\n\n\n\n<p class=\"has-text-align-left\">Ein Kooperationsprojekt der <a href=\"http:\/\/Www.dfg-vk.de\" target=\"_blank\" rel=\"noreferrer noopener\">DFG-VK<\/a> und RIB.<\/p>\n\n\n\n<p class=\"has-text-align-left\">Projekteinheit: <a href=\"https:\/\/rib-ev.de\/wp-content\/uploads\/2022\/02\/Krieg-in-Kinderko\u0308pfen-Jul17-RIB.pdf\">Krieg in Kinderk\u00f6pfen<\/a><\/p>\n\n\n\n<p class=\"has-text-align-left\">Auszug: <a href=\"https:\/\/rib-ev.de\/wp-content\/uploads\/2022\/02\/Planspielmappen-Pro-Contra.pdf\">Nur Planspielmappen mit Infotexten<\/a><\/p>\n\n\n\n<p class=\"has-text-align-left\">Auszug: <a href=\"https:\/\/rib-ev.de\/wp-content\/uploads\/2022\/02\/Planspielmappen-Regeln-und-Durchfu\u0308hrungdocx.pdf\">Nur Regeln und Tipps zum&nbsp;Planspiels<\/a><\/p>\n\n\n\n<p class=\"has-text-align-left\">Videomitschnitt des Vortrags \u201e<a href=\"https:\/\/www.youtube.com\/watch?v=enYnloNlUVk\" target=\"_blank\" rel=\"noreferrer noopener\">Krieg in Kinderk\u00f6pfen<\/a>\u201e<\/p>\n\n\n\n<figure class=\"wp-block-embed is-type-video is-provider-youtube wp-block-embed-youtube wp-embed-aspect-16-9 wp-has-aspect-ratio\"><div class=\"wp-block-embed__wrapper\">\n<iframe title=\"Vortrag Krieg in Kinderk\u00f6pfen\" width=\"500\" height=\"281\" src=\"https:\/\/www.youtube.com\/embed\/enYnloNlUVk?feature=oembed\" frameborder=\"0\" allow=\"accelerometer; autoplay; clipboard-write; encrypted-media; gyroscope; picture-in-picture; web-share\" referrerpolicy=\"strict-origin-when-cross-origin\" allowfullscreen><\/iframe>\n<\/div><\/figure>\n\n\n\n<p><strong>Verantwortlich: Stephan M\u00f6hrle<br><\/strong><\/p>\n\n\n\n<p>Die Zahl der Amokl\u00e4ufe und Schulmassaker hat zugenommen, die gewaltfreie Konfliktdeeskalation und -l\u00f6sung wird dagegen weithin vernachl\u00e4ssigt. Tim Kretschmer und Robert Steinh\u00e4user, die an der Albertville-Realschule in Winnenden und am Gutenberg-Gymnasium in Erfurt ein Schulmassaker ver\u00fcbten, spielten h\u00e4ufig \u201eCounter-Strike\u201c. Einer von sicherlich mehreren Gr\u00fcnden ist das Freizeitverhalten mit gewaltverherrlichenden Computerspielen wie \u201eCounter-Strike\u201c, \u201eGrand Theft Auto\u201c, \u201eHalf Life\u201c, \u201eDoom\u201c, \u201eQuake\u201c, \u201eResident Evil\u201c u.v.a.m. Mit \u201eAmerica\u2019s Army\u201c werden Jugendliche ab 17 Jahren zum realen Kriegsdienst bei der US-Army verf\u00fchrt.<\/p>\n\n\n\n<p>Im Mittelpunkt dieser Projekteinheit steht das entscheidungsoffene Planspiel \u201eSollen besonders gewaltverherrlichende Computerspiele f\u00fcr Jugendliche unter 18 Jahren verboten werden?\u201c, das \u00fcber die eigene Recherche und den Aufbau von Argumentationsketten zur Entwicklung einer begr\u00fcndeten Meinung f\u00fchrt. Die kontroverse Diskussion in Pro- und Contra-Gruppen von je drei bis vier Kindern bzw. Jugendlichen m\u00fcndet in die Entscheidung der dreik\u00f6pfigen \u201eBundespr\u00fcfstelle f\u00fcr jugendgef\u00e4hrdende Medien\u201c.<\/p>\n\n\n\n<p>Die achtst\u00fcndige Projekteinheit ist im Baukastensystem angelegt, so dass einzelne Sequenzen je nach Bedarf aufgenommen oder weggelassen werden k\u00f6nnen.<\/p>\n\n\n\n<p>Ziel der Projekteinheit ist die St\u00e4rkung der Medienkompetenz, das Hinf\u00fchren zu verantwortungsvolleren Computerspielen (z.B. Aufbauspiele) und zu einer insgesamt sinnvollen Freizeitgestaltung.<\/p>\n\n\n\n<p>Material: Ausleihe oder Erwerb der Projektmappe mit Farbfolien und DVD<\/p>\n\n\n\n<p>Erscheinungsjahr: 2009. 8. Aktualisierte Fassung aus 2018<\/p>\n\n\n\n<p>Altersempfehlung: ab 13 Jahren<\/p>\n","protected":false},"excerpt":{"rendered":"<p>Krieg in Kinderk\u00f6pfen: Von virtuellen Welten zur realen Gewalt. Ein Kooperationsprojekt der DFG-VK und RIB. Projekteinheit: Krieg in Kinderk\u00f6pfen Auszug: Nur Planspielmappen mit Infotexten Auszug: Nur Regeln und Tipps zum&nbsp;Planspiels Videomitschnitt des Vortrags \u201eKrieg in Kinderk\u00f6pfen\u201e Verantwortlich: Stephan M\u00f6hrle Die Zahl der Amokl\u00e4ufe und Schulmassaker hat zugenommen, die gewaltfreie Konfliktdeeskalation und -l\u00f6sung wird dagegen weithin [&hellip;]<\/p>\n","protected":false},"author":2,"featured_media":0,"parent":133,"menu_order":0,"comment_status":"closed","ping_status":"closed","template":"","meta":{"site-sidebar-layout":"default","site-content-layout":"","ast-site-content-layout":"default","site-content-style":"default","site-sidebar-style":"default","ast-global-header-display":"","ast-banner-title-visibility":"","ast-main-header-display":"","ast-hfb-above-header-display":"","ast-hfb-below-header-display":"","ast-hfb-mobile-header-display":"","site-post-title":"","ast-breadcrumbs-content":"","ast-featured-img":"","footer-sml-layout":"","ast-disable-related-posts":"","theme-transparent-header-meta":"","adv-header-id-meta":"","stick-header-meta":"","header-above-stick-meta":"","header-main-stick-meta":"","header-below-stick-meta":"","astra-migrate-meta-layouts":"default","ast-page-background-enabled":"default","ast-page-background-meta":{"desktop":{"background-color":"var(--ast-global-color-4)","background-image":"","background-repeat":"repeat","background-position":"center center","background-size":"auto","background-attachment":"scroll","background-type":"","background-media":"","overlay-type":"","overlay-color":"","overlay-opacity":"","overlay-gradient":""},"tablet":{"background-color":"","background-image":"","background-repeat":"repeat","background-position":"center center","background-size":"auto","background-attachment":"scroll","background-type":"","background-media":"","overlay-type":"","overlay-color":"","overlay-opacity":"","overlay-gradient":""},"mobile":{"background-color":"","background-image":"","background-repeat":"repeat","background-position":"center center","background-size":"auto","background-attachment":"scroll","background-type":"","background-media":"","overlay-type":"","overlay-color":"","overlay-opacity":"","overlay-gradient":""}},"ast-content-background-meta":{"desktop":{"background-color":"var(--ast-global-color-5)","background-image":"","background-repeat":"repeat","background-position":"center center","background-size":"auto","background-attachment":"scroll","background-type":"","background-media":"","overlay-type":"","overlay-color":"","overlay-opacity":"","overlay-gradient":""},"tablet":{"background-color":"var(--ast-global-color-5)","background-image":"","background-repeat":"repeat","background-position":"center center","background-size":"auto","background-attachment":"scroll","background-type":"","background-media":"","overlay-type":"","overlay-color":"","overlay-opacity":"","overlay-gradient":""},"mobile":{"background-color":"var(--ast-global-color-5)","background-image":"","background-repeat":"repeat","background-position":"center center","background-size":"auto","background-attachment":"scroll","background-type":"","background-media":"","overlay-type":"","overlay-color":"","overlay-opacity":"","overlay-gradient":""}},"footnotes":""},"class_list":["post-1174","page","type-page","status-publish","hentry"],"_links":{"self":[{"href":"https:\/\/rib-ev.de\/index.php?rest_route=\/wp\/v2\/pages\/1174","targetHints":{"allow":["GET"]}}],"collection":[{"href":"https:\/\/rib-ev.de\/index.php?rest_route=\/wp\/v2\/pages"}],"about":[{"href":"https:\/\/rib-ev.de\/index.php?rest_route=\/wp\/v2\/types\/page"}],"author":[{"embeddable":true,"href":"https:\/\/rib-ev.de\/index.php?rest_route=\/wp\/v2\/users\/2"}],"replies":[{"embeddable":true,"href":"https:\/\/rib-ev.de\/index.php?rest_route=%2Fwp%2Fv2%2Fcomments&post=1174"}],"version-history":[{"count":10,"href":"https:\/\/rib-ev.de\/index.php?rest_route=\/wp\/v2\/pages\/1174\/revisions"}],"predecessor-version":[{"id":2432,"href":"https:\/\/rib-ev.de\/index.php?rest_route=\/wp\/v2\/pages\/1174\/revisions\/2432"}],"up":[{"embeddable":true,"href":"https:\/\/rib-ev.de\/index.php?rest_route=\/wp\/v2\/pages\/133"}],"wp:attachment":[{"href":"https:\/\/rib-ev.de\/index.php?rest_route=%2Fwp%2Fv2%2Fmedia&parent=1174"}],"curies":[{"name":"wp","href":"https:\/\/api.w.org\/{rel}","templated":true}]}}