{"id":1169,"date":"2022-02-15T09:39:32","date_gmt":"2022-02-15T08:39:32","guid":{"rendered":"https:\/\/rib-ev.de\/?page_id=1169"},"modified":"2022-02-21T12:47:14","modified_gmt":"2022-02-21T11:47:14","slug":"aufschrei-waffenhandel","status":"publish","type":"page","link":"https:\/\/rib-ev.de\/?page_id=1169","title":{"rendered":"Aufschrei Waffenhandel"},"content":{"rendered":"\n<h1 class=\"wp-block-heading\" id=\"grenzen-offnen-fur-menschen-grenzen-schliessen-fur-waffen\">Grenzen \u00f6ffnen f\u00fcr Menschen \u2013 Grenzen schlie\u00dfen f\u00fcr Waffen<\/h1>\n\n\n\n<p>Nach den USA, Russland und China ist Deutschland weltweit der viertgr\u00f6\u00dfte Gro\u00dfwaffenexporteur. Beim Handel mit Kleinwaffen steht die Bundesrepublik nach den USA sogar an zweiter Stelle. Die aus Deutschland gelieferten Waffen feuern bestehende Konflikte an. Vor der daraus resultierenden Gewalt versuchen viele Menschen sich durch Flucht zu retten. Wir f\u00fchlen uns den Opfern dieser skandal\u00f6sen Politik verbunden und wollen den Gesch\u00e4ften mit dem Tod ein Ende setzen. Fordern Sie mit uns ein grunds\u00e4tzliches Verbot des Exportes von Kriegswaffen und sonstigen R\u00fcstungsg\u00fctern.<\/p>\n\n\n\n<p>Homepage von <a href=\"https:\/\/aufschrei-waffenhandel.de\/\" target=\"_blank\" rel=\"noreferrer noopener\">Aufschrei Waffenhandel<\/a><\/p>\n","protected":false},"excerpt":{"rendered":"<p>Grenzen \u00f6ffnen f\u00fcr Menschen \u2013 Grenzen schlie\u00dfen f\u00fcr Waffen Nach den USA, Russland und China ist Deutschland weltweit der viertgr\u00f6\u00dfte Gro\u00dfwaffenexporteur. Beim Handel mit Kleinwaffen steht die Bundesrepublik nach den USA sogar an zweiter Stelle. Die aus Deutschland gelieferten Waffen feuern bestehende Konflikte an. Vor der daraus resultierenden Gewalt versuchen viele Menschen sich durch Flucht [&hellip;]<\/p>\n","protected":false},"author":2,"featured_media":0,"parent":133,"menu_order":0,"comment_status":"closed","ping_status":"closed","template":"","meta":{"site-sidebar-layout":"default","site-content-layout":"","ast-site-content-layout":"default","site-content-style":"default","site-sidebar-style":"default","ast-global-header-display":"","ast-banner-title-visibility":"","ast-main-header-display":"","ast-hfb-above-header-display":"","ast-hfb-below-header-display":"","ast-hfb-mobile-header-display":"","site-post-title":"","ast-breadcrumbs-content":"","ast-featured-img":"","footer-sml-layout":"","ast-disable-related-posts":"","theme-transparent-header-meta":"","adv-header-id-meta":"","stick-header-meta":"","header-above-stick-meta":"","header-main-stick-meta":"","header-below-stick-meta":"","astra-migrate-meta-layouts":"default","ast-page-background-enabled":"default","ast-page-background-meta":{"desktop":{"background-color":"var(--ast-global-color-4)","background-image":"","background-repeat":"repeat","background-position":"center center","background-size":"auto","background-attachment":"scroll","background-type":"","background-media":"","overlay-type":"","overlay-color":"","overlay-opacity":"","overlay-gradient":""},"tablet":{"background-color":"","background-image":"","background-repeat":"repeat","background-position":"center center","background-size":"auto","background-attachment":"scroll","background-type":"","background-media":"","overlay-type":"","overlay-color":"","overlay-opacity":"","overlay-gradient":""},"mobile":{"background-color":"","background-image":"","background-repeat":"repeat","background-position":"center center","background-size":"auto","background-attachment":"scroll","background-type":"","background-media":"","overlay-type":"","overlay-color":"","overlay-opacity":"","overlay-gradient":""}},"ast-content-background-meta":{"desktop":{"background-color":"var(--ast-global-color-5)","background-image":"","background-repeat":"repeat","background-position":"center center","background-size":"auto","background-attachment":"scroll","background-type":"","background-media":"","overlay-type":"","overlay-color":"","overlay-opacity":"","overlay-gradient":""},"tablet":{"background-color":"var(--ast-global-color-5)","background-image":"","background-repeat":"repeat","background-position":"center center","background-size":"auto","background-attachment":"scroll","background-type":"","background-media":"","overlay-type":"","overlay-color":"","overlay-opacity":"","overlay-gradient":""},"mobile":{"background-color":"var(--ast-global-color-5)","background-image":"","background-repeat":"repeat","background-position":"center center","background-size":"auto","background-attachment":"scroll","background-type":"","background-media":"","overlay-type":"","overlay-color":"","overlay-opacity":"","overlay-gradient":""}},"footnotes":""},"class_list":["post-1169","page","type-page","status-publish","hentry"],"_links":{"self":[{"href":"https:\/\/rib-ev.de\/index.php?rest_route=\/wp\/v2\/pages\/1169","targetHints":{"allow":["GET"]}}],"collection":[{"href":"https:\/\/rib-ev.de\/index.php?rest_route=\/wp\/v2\/pages"}],"about":[{"href":"https:\/\/rib-ev.de\/index.php?rest_route=\/wp\/v2\/types\/page"}],"author":[{"embeddable":true,"href":"https:\/\/rib-ev.de\/index.php?rest_route=\/wp\/v2\/users\/2"}],"replies":[{"embeddable":true,"href":"https:\/\/rib-ev.de\/index.php?rest_route=%2Fwp%2Fv2%2Fcomments&post=1169"}],"version-history":[{"count":3,"href":"https:\/\/rib-ev.de\/index.php?rest_route=\/wp\/v2\/pages\/1169\/revisions"}],"predecessor-version":[{"id":1397,"href":"https:\/\/rib-ev.de\/index.php?rest_route=\/wp\/v2\/pages\/1169\/revisions\/1397"}],"up":[{"embeddable":true,"href":"https:\/\/rib-ev.de\/index.php?rest_route=\/wp\/v2\/pages\/133"}],"wp:attachment":[{"href":"https:\/\/rib-ev.de\/index.php?rest_route=%2Fwp%2Fv2%2Fmedia&parent=1169"}],"curies":[{"name":"wp","href":"https:\/\/api.w.org\/{rel}","templated":true}]}}