{"id":1164,"date":"2022-02-15T09:37:30","date_gmt":"2022-02-15T08:37:30","guid":{"rendered":"https:\/\/rib-ev.de\/?page_id=1164"},"modified":"2022-06-01T12:47:12","modified_gmt":"2022-06-01T10:47:12","slug":"staffellauf-frieden-geht","status":"publish","type":"page","link":"https:\/\/rib-ev.de\/?page_id=1164","title":{"rendered":"Staffellauf &#8222;Frieden geht&#8220;"},"content":{"rendered":"\n<p>Alle Informationen zum Staffellauf \u201eFrieden Geht\u201c k\u00f6nnen Sie auf der eigenen Homepage <a href=\"http:\/\/www.frieden-geht.de\" target=\"_blank\" rel=\"noreferrer noopener\">www.frieden-geht.de <\/a>einsehen.<\/p>\n\n\n\n<p>Eine erste \u2013 unvollst\u00e4ndige \u2013 Liste der R\u00fcstungsproduzenten, -exporteure sowe der politischen Entscheidungszentralen und Beh\u00f6rden k\u00f6nnen Sie hier einsehen. Sollten Ihnen weitere Unternehmen bekannt sein, so melden Sie diese gerne an <a href=\"mailto:info@frieden-geht.de\">info@frieden-geht.de<\/a> zur\u00fcck.<\/p>\n\n\n\n<p>Liste zum <a href=\"https:\/\/rib-ev.de\/wp-content\/uploads\/2022\/02\/STF18-RUESTUNGPRODUZENTEN.pdf\">Download<\/a><\/p>\n\n\n\n<p><strong><u>Oberndorf am Neckar:<\/u><\/strong><\/p>\n\n\n\n<p><strong>Heckler&amp;Koch AG<\/strong><\/p>\n\n\n\n<p>\u2013 Produktion von Handfeuer-&nbsp; und Infanteriewaffen, geh\u00f6rt zu den f\u00fcnf gr\u00f6\u00dften Gewehr- und Pistolenherstellern und -exporteuren weltweit<\/p>\n\n\n\n<p><strong>Rheinmetall Waffe Munition GmbH \/ Rheinmetall AG<\/strong><\/p>\n\n\n\n<p>\u2013 Waffen &amp; Munition jeglicher Art, Flugabwehrsysteme, ABC-Aufkl\u00e4rungssysteme f\u00fcr Luftwaffe, Marine und weitere; u.a. Bordkanone f\u00fcr den Eurofighter Typhoon (Exportversion)<\/p>\n\n\n\n<p><strong><u><strong><u>Furtwangen:<\/u><\/strong><\/u><\/strong><\/p>\n\n\n\n<p>\u2013 \/<\/p>\n\n\n\n<p><strong><u><strong><u>Freiburg:<\/u><\/strong><\/u><\/strong><\/p>\n\n\n\n<p><strong>Northrop-Grumman \/ LITEF<\/strong><\/p>\n\n\n\n<p>\u2013 Bordcomputer, Kreiselkompasse und Navigationsger\u00e4te f\u00fcr Kriegsschiffe, Kampfpanzer bzw. Kampflugzeuge<\/p>\n\n\n\n<p><strong><u>Lahr:<\/u><\/strong><\/p>\n\n\n\n<p><strong>Saltech AG<\/strong><\/p>\n\n\n\n<p>\u2013 geplanter Bau einer Munitionsfabrik der Schweizer Firma Saltech auf dem Konversionsgel\u00e4nde des ehemaligen kanadischen Milit\u00e4rflughafens<\/p>\n\n\n\n<p>Offenburg:<\/p>\n\n\n\n<p><strong>MAN<\/strong> <strong>Nutzfahrzeuge Vertrieb<\/strong><\/p>\n\n\n\n<p>\u2013 MAN betreibt ein Joint-Venture mit der Rheinmetall AG f\u00fcr milit\u00e4risch genutzte Radfahrzeuge. Firmensitz der MAN AG ist Ulm. Die Rheinmetall MAN Military Vehicles GmbH hat seinen Stammsitz in M\u00fcnchen.<\/p>\n\n\n\n<p><strong><u>Karlsruhe:<\/u><\/strong><\/p>\n\n\n\n<p><strong>Kernforschungszentrum Karlsruhe<\/strong><\/p>\n\n\n\n<p>\u2013 wom\u00f6glich verdeckte milit\u00e4rische Forschung?!?<\/p>\n\n\n\n<p><strong>Bruker AXS GmbH<\/strong><\/p>\n\n\n\n<p>\u2013 r\u00f6ntgenbasierende Erkennungssysteme f\u00fcr das Milit\u00e4r<\/p>\n\n\n\n<p><strong>COMSOFT GmbH<\/strong><\/p>\n\n\n\n<p>\u2013 Produzent des milit\u00e4rischen Radardatennetzes der Bundeswehr, liefert auch weltweit an andere R\u00fcstungsunternehmen<\/p>\n\n\n\n<p><strong>Beontra<\/strong><\/p>\n\n\n\n<p>\u2013 geh\u00f6rt zu Lockheed Martin Corp (US-Konzern), in milit\u00e4rischer und ziviler Luft- und Raumfahrt aktiv<\/p>\n\n\n\n<p><strong>Ferchau GmbH<\/strong><\/p>\n\n\n\n<p>\u2013 enge Zusammenarbeit mit Airbus Military (Luftsysteme, Modellentwicklung)<\/p>\n\n\n\n<p><strong>ThyssenKrupp Aufz\u00fcge<\/strong><\/p>\n\n\n\n<p>\u2013 neben der Fertigung von Aufz\u00fcgen produziert TKMS (Hamburg) u.a. in Kiel milit\u00e4rische Wasserfahrzeuge, vor allem U-Boote]<\/p>\n\n\n\n<p><strong><u>Heidelberg:<\/u><\/strong><\/p>\n\n\n\n<p><strong>Rockwell Collins<\/strong><\/p>\n\n\n\n<p>\u2013 Luft- &amp; Raumfahrtbranche; Kommunikations-, Kontroll- und Navigationssysteme f\u00fcr zivile und milit\u00e4rische Luftfahrt<\/p>\n\n\n\n<p><strong>SAP AppHaus Heidelberg<\/strong><\/p>\n\n\n\n<p>\u2013 speziell an die Bed\u00fcrfnisse des Milit\u00e4rs angepasste IT-L\u00f6sungen<\/p>\n\n\n\n<p><strong><u>Mannheim:<\/u><\/strong><\/p>\n\n\n\n<p><strong>Mercedes Military Vehicles \/ Daimler AG<\/strong><\/p>\n\n\n\n<p>\u2013 Bestandteile f\u00fcr milit\u00e4rische Fahrzeuge, superschwer, extrem gel\u00e4ndesicher, h\u00f6chster Schutz f\u00fcr&nbsp; Soldaten. Das zentrale Produktionswerk liegt in W\u00f6rth (auf der anderen Rheinseite).<\/p>\n\n\n\n<p><strong>John Deere<\/strong><\/p>\n\n\n\n<p>\u2013 kleine, quadartige, unbewaffnete Fahrzeuge f\u00fcr \u201especial operations\u201c<\/p>\n\n\n\n<p><strong>Liebherr<\/strong><\/p>\n\n\n\n<p>\u2013 Ausr\u00fcstungen f\u00fcr milit\u00e4risches Flugger\u00e4t (Fahrwerke, Hydraulik, Flugsteuerungen)<\/p>\n\n\n\n<p><strong><u>Frankfurt\/Main:<\/u><\/strong><\/p>\n\n\n\n<p><strong>Deutsche Bank AG<\/strong><\/p>\n\n\n\n<p>\u2013 gr\u00f6\u00dfte Bank zur Unterst\u00fctzung von R\u00fcstungsgesch\u00e4ften in Deutschland<\/p>\n\n\n\n<p><strong>Commerzbank AG<\/strong><\/p>\n\n\n\n<p>\u2013 zweitgr\u00f6\u00dfte Bank zur Unterst\u00fctzung von R\u00fcstungsgesch\u00e4ften in Deutschland<\/p>\n\n\n\n<p><strong>Nestl\u00e9<\/strong><\/p>\n\n\n\n<p>\u2013 auf die Bed\u00fcrfnisse eines Soldaten abgestimmte Nahrung und Belieferung des US Milit\u00e4rs mit Nahrungsmitteln<\/p>\n\n\n\n<p><strong>Porsche Zentrum Frankfurt<\/strong><\/p>\n\n\n\n<p>\u2013 Design Gruppe unterst\u00fctze u.a. Rheinmetall und andere beim Design eines leichten Truppentransporters (AMPV)<\/p>\n\n\n\n<p><strong>Shell AG<\/strong><\/p>\n\n\n\n<p>\u2013 stellt f\u00fcr die Verwendung in milit\u00e4rischen Flugzeugantrieben spezielle Kraftstoffe her<\/p>\n\n\n\n<p><strong><u>Eschborn (westlich Frankfurt):<\/u><\/strong><\/p>\n\n\n\n<p><strong>Bundesausfuhramt (BAFA)<\/strong><\/p>\n\n\n\n<p>\u2013 zugeordnet dem Bundeswirtschaftsministerium, verantwortlich f\u00fcr die Genehmigung der meisten Kriegswaffenexporte (an EU-Staaten, NATO und NATO-assoziierte Staaten)<\/p>\n\n\n\n<p><strong><u>Fulda:<\/u><\/strong><\/p>\n\n\n\n<p>\u2013 \/<\/p>\n\n\n\n<p><strong><u>Kassel:<\/u><\/strong><\/p>\n\n\n\n<p><strong>Rheinmetall Defence \/ Rheinmetall AG<\/strong><\/p>\n\n\n\n<p>\u2013 sieht sich als \u201ef\u00fchrendes europ\u00e4isches Systemhaus f\u00fcr Landstreitkr\u00e4fte\u201c<\/p>\n\n\n\n<p><strong>Krauss-Maffei Wegmann GmbH<\/strong><\/p>\n\n\n\n<p>\u2013 europ\u00e4ischer Marktf\u00fchrer bei Panzern und gepanzerten Fahrzeugen<\/p>\n\n\n\n<p><strong>Eurocopter<\/strong><\/p>\n\n\n\n<p>\u2013 Training Academy \u2013 ehem. Kasernengel\u00e4nde der L\u00fcttichkaserne, republikweit das gr\u00f6\u00dfte Ausbildungszentrum f\u00fcr angehende Luftfahrttechniker<\/p>\n\n\n\n<p><strong>Gl\u00fcckauf-Logistik GmbH<\/strong><\/p>\n\n\n\n<p>\u2013 Umr\u00fcstung und Ersatzteilversorgung f\u00fcr milit. Fahrzeuge, Kampfwertsteigerungsma\u00dfnahmen, Umsetzung von Lebensdauerverl\u00e4ngerungsma\u00dfnahmen<\/p>\n\n\n\n<p>Optimierung und Beschleunigung milit\u00e4rischer Logistikprozesse<\/p>\n\n\n\n<p><strong>Projekt System &amp; Management<\/strong><\/p>\n\n\n\n<p>\u2013 Gemeinschaftsprojekt von RLS und KMW, Entwicklung und Fertigung des Panzers PUMA<\/p>\n\n\n\n<p><strong><u>Eisenach:<\/u><\/strong><\/p>\n\n\n\n<p>\u2013 \/<\/p>\n\n\n\n<p><strong><u>Jena:<\/u><\/strong><\/p>\n\n\n\n<p><strong>Jenoptik AG<\/strong><\/p>\n\n\n\n<p>\u2013 Optische Bestandteile f\u00fcr Kriegswaffen<\/p>\n\n\n\n<p><strong>Carl Zeiss Microscopy<\/strong><\/p>\n\n\n\n<p>\u2013 Optiksysteme f\u00fcr Panzer und Feuerwaffen<\/p>\n\n\n\n<p><strong><u>Halle:<\/u><\/strong><\/p>\n\n\n\n<p>\u2013 \/<\/p>\n\n\n\n<p><strong><u>Magdeburg:<\/u><\/strong><\/p>\n\n\n\n<p><strong>Gefechts\u00fcbungszentrum G\u00dcZ der Rheinmetall AG<\/strong><\/p>\n\n\n\n<p>\u2013 in Letzlingen bei Magdeburg<\/p>\n\n\n\n<p><strong><u>Dahlewitz (bei Ludwigsfelde):<\/u><\/strong><\/p>\n\n\n\n<p><strong>Rolls-Royce MTOC GmbH<\/strong><\/p>\n\n\n\n<p>\u2013 Antriebe f\u00fcr milit\u00e4rische Flugzeuge, Hubschrauber, Schiffe und U-Boote<\/p>\n\n\n\n<p><strong><u>Berlin:<\/u><\/strong><\/p>\n\n\n\n<p><strong>Bundeskanzleramt<\/strong><\/p>\n\n\n\n<p>\u2013 Tagungsort des Bundessicherheitsrats (BSR) als zentrales Entscheidungsgremium der Exportgenehmigungen f\u00fcr Kriegswaffentransfers an Drittl\u00e4nder (Saudi-Arabien, VAE, Katar, Israel, \u00c4gypten, Algerien u.v.a.m.)<\/p>\n\n\n\n<p><strong>Deutscher Bundestag<\/strong><\/p>\n\n\n\n<p>\u2013 Im Reichstagsgeb\u00e4ude finden (auf Antrag der Oppositionsparteien) Debatten zum R\u00fcstungsexport statt.<\/p>\n\n\n\n<p><strong>Bundeswirtschaftsministerium (BMWi)<\/strong><\/p>\n\n\n\n<p>\u2013 Das BMWi ist das f\u00fcr die R\u00fcstungsexportgenehmigungen verantwortliche Bundesministerium.<\/p>\n\n\n\n<p><strong>Otto Bock HealthCare<\/strong><\/p>\n\n\n\n<p>\u2013 Prothesen bei der US Army sehr beliebt, F\u00f6rdergelder vom US Milit\u00e4r<\/p>\n\n\n\n<p><strong>Veolia Environnement<\/strong><\/p>\n\n\n\n<p>\u2013 Tochtergesellschaft (Nord-Ostsee Bahn) transportiert Kriegsger\u00e4t im Auftrag der Bundeswehr<\/p>\n\n\n\n<p><strong>Airbus Group (ehemals EADS Deutschland)<\/strong><\/p>\n\n\n\n<p>\u2013 Cybersecurity, Milit\u00e4rflugzeuge, milit\u00e4rische Helikopter<\/p>\n\n\n\n<p><strong>Zahlreiche Lobbyb\u00fcros: Rheinmetall am Brandenburger Tor u.v.a.m.<\/strong><\/p>\n","protected":false},"excerpt":{"rendered":"<p>Alle Informationen zum Staffellauf \u201eFrieden Geht\u201c k\u00f6nnen Sie auf der eigenen Homepage www.frieden-geht.de einsehen. Eine erste \u2013 unvollst\u00e4ndige \u2013 Liste der R\u00fcstungsproduzenten, -exporteure sowe der politischen Entscheidungszentralen und Beh\u00f6rden k\u00f6nnen Sie hier einsehen. Sollten Ihnen weitere Unternehmen bekannt sein, so melden Sie diese gerne an info@frieden-geht.de zur\u00fcck. Liste zum Download Oberndorf am Neckar: Heckler&amp;Koch AG [&hellip;]<\/p>\n","protected":false},"author":2,"featured_media":0,"parent":133,"menu_order":0,"comment_status":"closed","ping_status":"closed","template":"","meta":{"site-sidebar-layout":"default","site-content-layout":"","ast-site-content-layout":"default","site-content-style":"default","site-sidebar-style":"default","ast-global-header-display":"","ast-banner-title-visibility":"","ast-main-header-display":"","ast-hfb-above-header-display":"","ast-hfb-below-header-display":"","ast-hfb-mobile-header-display":"","site-post-title":"","ast-breadcrumbs-content":"","ast-featured-img":"","footer-sml-layout":"","ast-disable-related-posts":"","theme-transparent-header-meta":"","adv-header-id-meta":"","stick-header-meta":"","header-above-stick-meta":"","header-main-stick-meta":"","header-below-stick-meta":"","astra-migrate-meta-layouts":"default","ast-page-background-enabled":"default","ast-page-background-meta":{"desktop":{"background-color":"var(--ast-global-color-4)","background-image":"","background-repeat":"repeat","background-position":"center center","background-size":"auto","background-attachment":"scroll","background-type":"","background-media":"","overlay-type":"","overlay-color":"","overlay-opacity":"","overlay-gradient":""},"tablet":{"background-color":"","background-image":"","background-repeat":"repeat","background-position":"center center","background-size":"auto","background-attachment":"scroll","background-type":"","background-media":"","overlay-type":"","overlay-color":"","overlay-opacity":"","overlay-gradient":""},"mobile":{"background-color":"","background-image":"","background-repeat":"repeat","background-position":"center center","background-size":"auto","background-attachment":"scroll","background-type":"","background-media":"","overlay-type":"","overlay-color":"","overlay-opacity":"","overlay-gradient":""}},"ast-content-background-meta":{"desktop":{"background-color":"var(--ast-global-color-5)","background-image":"","background-repeat":"repeat","background-position":"center center","background-size":"auto","background-attachment":"scroll","background-type":"","background-media":"","overlay-type":"","overlay-color":"","overlay-opacity":"","overlay-gradient":""},"tablet":{"background-color":"var(--ast-global-color-5)","background-image":"","background-repeat":"repeat","background-position":"center center","background-size":"auto","background-attachment":"scroll","background-type":"","background-media":"","overlay-type":"","overlay-color":"","overlay-opacity":"","overlay-gradient":""},"mobile":{"background-color":"var(--ast-global-color-5)","background-image":"","background-repeat":"repeat","background-position":"center center","background-size":"auto","background-attachment":"scroll","background-type":"","background-media":"","overlay-type":"","overlay-color":"","overlay-opacity":"","overlay-gradient":""}},"footnotes":""},"class_list":["post-1164","page","type-page","status-publish","hentry"],"_links":{"self":[{"href":"https:\/\/rib-ev.de\/index.php?rest_route=\/wp\/v2\/pages\/1164","targetHints":{"allow":["GET"]}}],"collection":[{"href":"https:\/\/rib-ev.de\/index.php?rest_route=\/wp\/v2\/pages"}],"about":[{"href":"https:\/\/rib-ev.de\/index.php?rest_route=\/wp\/v2\/types\/page"}],"author":[{"embeddable":true,"href":"https:\/\/rib-ev.de\/index.php?rest_route=\/wp\/v2\/users\/2"}],"replies":[{"embeddable":true,"href":"https:\/\/rib-ev.de\/index.php?rest_route=%2Fwp%2Fv2%2Fcomments&post=1164"}],"version-history":[{"count":8,"href":"https:\/\/rib-ev.de\/index.php?rest_route=\/wp\/v2\/pages\/1164\/revisions"}],"predecessor-version":[{"id":2430,"href":"https:\/\/rib-ev.de\/index.php?rest_route=\/wp\/v2\/pages\/1164\/revisions\/2430"}],"up":[{"embeddable":true,"href":"https:\/\/rib-ev.de\/index.php?rest_route=\/wp\/v2\/pages\/133"}],"wp:attachment":[{"href":"https:\/\/rib-ev.de\/index.php?rest_route=%2Fwp%2Fv2%2Fmedia&parent=1164"}],"curies":[{"name":"wp","href":"https:\/\/api.w.org\/{rel}","templated":true}]}}