{"id":1004,"date":"2022-01-31T10:28:10","date_gmt":"2022-01-31T09:28:10","guid":{"rendered":"https:\/\/rib-ev.de\/?page_id=1004"},"modified":"2023-05-23T10:54:33","modified_gmt":"2023-05-23T08:54:33","slug":"daks-newsletter","status":"publish","type":"page","link":"https:\/\/rib-ev.de\/?page_id=1004","title":{"rendered":"DAKS-Newsletter"},"content":{"rendered":"\t\t<div data-elementor-type=\"wp-page\" data-elementor-id=\"1004\" class=\"elementor elementor-1004\">\n\t\t\t\t\t\t<section class=\"elementor-section elementor-top-section elementor-element elementor-element-1222595 elementor-section-boxed elementor-section-height-default elementor-section-height-default\" data-id=\"1222595\" data-element_type=\"section\" data-e-type=\"section\">\n\t\t\t\t\t\t<div class=\"elementor-container elementor-column-gap-default\">\n\t\t\t\t\t<div class=\"elementor-column elementor-col-100 elementor-top-column elementor-element elementor-element-b198df4\" data-id=\"b198df4\" data-element_type=\"column\" data-e-type=\"column\">\n\t\t\t<div class=\"elementor-widget-wrap elementor-element-populated\">\n\t\t\t\t\t\t<div class=\"elementor-element elementor-element-9aaff1c elementor-widget elementor-widget-heading\" data-id=\"9aaff1c\" data-element_type=\"widget\" data-e-type=\"widget\" data-widget_type=\"heading.default\">\n\t\t\t\t<div class=\"elementor-widget-container\">\n\t\t\t\t\t<h2 class=\"elementor-heading-title elementor-size-default\">Ich habe lange keinen Newsletter mehr gesehen - was ist los?<\/h2>\t\t\t\t<\/div>\n\t\t\t\t<\/div>\n\t\t\t\t\t<\/div>\n\t\t<\/div>\n\t\t\t\t\t<\/div>\n\t\t<\/section>\n\t\t\t\t<section class=\"elementor-section elementor-top-section elementor-element elementor-element-42af150 elementor-section-boxed elementor-section-height-default elementor-section-height-default\" data-id=\"42af150\" data-element_type=\"section\" data-e-type=\"section\">\n\t\t\t\t\t\t<div class=\"elementor-container elementor-column-gap-default\">\n\t\t\t\t\t<div class=\"elementor-column elementor-col-100 elementor-top-column elementor-element elementor-element-4ba1803\" data-id=\"4ba1803\" data-element_type=\"column\" data-e-type=\"column\">\n\t\t\t<div class=\"elementor-widget-wrap elementor-element-populated\">\n\t\t\t\t\t\t<div class=\"elementor-element elementor-element-e738915 elementor-widget elementor-widget-text-editor\" data-id=\"e738915\" data-element_type=\"widget\" data-e-type=\"widget\" data-widget_type=\"text-editor.default\">\n\t\t\t\t<div class=\"elementor-widget-container\">\n\t\t\t\t\t\t\t\t\t<p>Tats\u00e4chlich sind schon l\u00e4nger keine Newsletter mehr Erschienen. Dies liegt an einem tiefgreifenden Ver\u00e4nderungsprozess des Newsletters. Seit einiger Zeit arbeiten wir mit vielen verschiedenen Organisationen daran in Zukunft einen \u00fcberarbeiteten DAKS-Newsletter pr\u00e4sentieren zu k\u00f6nnen.<\/p>\n<p>Dazu geh\u00f6ren neben den Abw\u00e4gungen des Formats auch neue wissenschaftliche Standards die wir einhalten wollen.<\/p>\n<p>Hier ein kleiner Vorgeschmack unserer gemeinsamen \u00dcberlegungen.<\/p>\t\t\t\t\t\t\t\t<\/div>\n\t\t\t\t<\/div>\n\t\t\t\t\t<\/div>\n\t\t<\/div>\n\t\t\t\t\t<\/div>\n\t\t<\/section>\n\t\t\t\t<section class=\"elementor-section elementor-top-section elementor-element elementor-element-e9c36bf elementor-section-boxed elementor-section-height-default elementor-section-height-default\" data-id=\"e9c36bf\" data-element_type=\"section\" data-e-type=\"section\">\n\t\t\t\t\t\t<div class=\"elementor-container elementor-column-gap-default\">\n\t\t\t\t\t<div class=\"elementor-column elementor-col-33 elementor-top-column elementor-element elementor-element-662966a\" data-id=\"662966a\" data-element_type=\"column\" data-e-type=\"column\">\n\t\t\t<div class=\"elementor-widget-wrap elementor-element-populated\">\n\t\t\t\t\t\t<div class=\"elementor-element elementor-element-028ee6f elementor-widget elementor-widget-heading\" data-id=\"028ee6f\" data-element_type=\"widget\" data-e-type=\"widget\" data-widget_type=\"heading.default\">\n\t\t\t\t<div class=\"elementor-widget-container\">\n\t\t\t\t\t<h2 class=\"elementor-heading-title elementor-size-default\">Neues Format<\/h2>\t\t\t\t<\/div>\n\t\t\t\t<\/div>\n\t\t\t\t<div class=\"elementor-element elementor-element-879b9c5 elementor-widget elementor-widget-text-editor\" data-id=\"879b9c5\" data-element_type=\"widget\" data-e-type=\"widget\" data-widget_type=\"text-editor.default\">\n\t\t\t\t<div class=\"elementor-widget-container\">\n\t\t\t\t\t\t\t\t\t<p>Wir m\u00f6chten den Newsletter von einer E-Mailaussendung auf ein Herunterladbares PDF-Format umstellen um eine wissenschaftlich nutzbare DOI-Nummer f\u00fcr unsere Publikation zu erhalten. Damit werden wir Zitierf\u00e4hig und k\u00f6nnen so mit den Beitr\u00e4gen unserer Autoren in den wissenschaftlichen Diskurs einflie\u00dfen. <\/p>\t\t\t\t\t\t\t\t<\/div>\n\t\t\t\t<\/div>\n\t\t\t\t\t<\/div>\n\t\t<\/div>\n\t\t\t\t<div class=\"elementor-column elementor-col-33 elementor-top-column elementor-element elementor-element-7bdfd3e\" data-id=\"7bdfd3e\" data-element_type=\"column\" data-e-type=\"column\">\n\t\t\t<div class=\"elementor-widget-wrap elementor-element-populated\">\n\t\t\t\t\t\t<div class=\"elementor-element elementor-element-cfc7f37 elementor-widget elementor-widget-heading\" data-id=\"cfc7f37\" data-element_type=\"widget\" data-e-type=\"widget\" data-widget_type=\"heading.default\">\n\t\t\t\t<div class=\"elementor-widget-container\">\n\t\t\t\t\t<h2 class=\"elementor-heading-title elementor-size-default\">Neue Gliederung<\/h2>\t\t\t\t<\/div>\n\t\t\t\t<\/div>\n\t\t\t\t<div class=\"elementor-element elementor-element-9a344cc elementor-widget elementor-widget-text-editor\" data-id=\"9a344cc\" data-element_type=\"widget\" data-e-type=\"widget\" data-widget_type=\"text-editor.default\">\n\t\t\t\t<div class=\"elementor-widget-container\">\n\t\t\t\t\t\t\t\t\t<p>Wir m\u00f6chten nicht mehr Monatlich mit einem wechselnden Angebot auftreten. Wir werden quartalsweise neue Schwerpunkte setzen um den Autoren mit Ihrem Thema aus den Verschiedenen Fachrichtungen wie Friedens- und Konflikforschung, Sozialethik, Geschichte, Rechtswissenschaft, Wirtschaftswissenschaften, Informatik oder P\u00e4dagogik.<\/p>\t\t\t\t\t\t\t\t<\/div>\n\t\t\t\t<\/div>\n\t\t\t\t\t<\/div>\n\t\t<\/div>\n\t\t\t\t<div class=\"elementor-column elementor-col-33 elementor-top-column elementor-element elementor-element-6c48528\" data-id=\"6c48528\" data-element_type=\"column\" data-e-type=\"column\">\n\t\t\t<div class=\"elementor-widget-wrap elementor-element-populated\">\n\t\t\t\t\t\t<div class=\"elementor-element elementor-element-9a53b88 elementor-widget elementor-widget-heading\" data-id=\"9a53b88\" data-element_type=\"widget\" data-e-type=\"widget\" data-widget_type=\"heading.default\">\n\t\t\t\t<div class=\"elementor-widget-container\">\n\t\t\t\t\t<h2 class=\"elementor-heading-title elementor-size-default\">Neue Autoren<\/h2>\t\t\t\t<\/div>\n\t\t\t\t<\/div>\n\t\t\t\t<div class=\"elementor-element elementor-element-a12d716 elementor-widget elementor-widget-text-editor\" data-id=\"a12d716\" data-element_type=\"widget\" data-e-type=\"widget\" data-widget_type=\"text-editor.default\">\n\t\t\t\t<div class=\"elementor-widget-container\">\n\t\t\t\t\t\t\t\t\t<p>Wir m\u00f6chten ein Call for papers an alle deutschsprachigen Universit\u00e4ten aussenden und die jungen wissenschaftler so ermutigen sich des Themas R\u00fcstungsexporte und Kleinwaffen anzunehmen. Durch diese Schwerpunktsetzung unsererseits r\u00fccken unsere zentralen Themen st\u00e4rker in den Fokus. <\/p>\t\t\t\t\t\t\t\t<\/div>\n\t\t\t\t<\/div>\n\t\t\t\t\t<\/div>\n\t\t<\/div>\n\t\t\t\t\t<\/div>\n\t\t<\/section>\n\t\t\t\t<section class=\"elementor-section elementor-top-section elementor-element elementor-element-e32effd elementor-section-boxed elementor-section-height-default elementor-section-height-default\" data-id=\"e32effd\" data-element_type=\"section\" data-e-type=\"section\">\n\t\t\t\t\t\t<div class=\"elementor-container elementor-column-gap-default\">\n\t\t\t\t\t<div class=\"elementor-column elementor-col-100 elementor-top-column elementor-element elementor-element-99abeb9\" data-id=\"99abeb9\" data-element_type=\"column\" data-e-type=\"column\">\n\t\t\t<div class=\"elementor-widget-wrap elementor-element-populated\">\n\t\t\t\t\t\t<div class=\"elementor-element elementor-element-e00a5a2 elementor-widget elementor-widget-progress\" data-id=\"e00a5a2\" data-element_type=\"widget\" data-e-type=\"widget\" data-widget_type=\"progress.default\">\n\t\t\t\t<div class=\"elementor-widget-container\">\n\t\t\t\t\t\t\t\t<span class=\"elementor-title\" id=\"elementor-progress-bar-e00a5a2\">\n\t\t\t\tFortschritt des Relaunchkonzepts\t\t\t<\/span>\n\t\t\n\t\t<div aria-labelledby=\"elementor-progress-bar-e00a5a2\" class=\"elementor-progress-wrapper progress-info\" role=\"progressbar\" aria-valuemin=\"0\" aria-valuemax=\"100\" aria-valuenow=\"45\" aria-valuetext=\"45% (Relaunch des Newsletters)\">\n\t\t\t<div class=\"elementor-progress-bar\" data-max=\"45\">\n\t\t\t\t<span class=\"elementor-progress-text\">Relaunch des Newsletters<\/span>\n\t\t\t\t\t\t\t\t\t<span class=\"elementor-progress-percentage\">45%<\/span>\n\t\t\t\t\t\t\t<\/div>\n\t\t<\/div>\n\t\t\t\t\t\t<\/div>\n\t\t\t\t<\/div>\n\t\t\t\t\t<\/div>\n\t\t<\/div>\n\t\t\t\t\t<\/div>\n\t\t<\/section>\n\t\t\t\t<section class=\"elementor-section elementor-top-section elementor-element elementor-element-f1396f8 elementor-section-boxed elementor-section-height-default elementor-section-height-default\" data-id=\"f1396f8\" data-element_type=\"section\" data-e-type=\"section\">\n\t\t\t\t\t\t<div class=\"elementor-container elementor-column-gap-default\">\n\t\t\t\t\t<div class=\"elementor-column elementor-col-16 elementor-top-column elementor-element elementor-element-15f5233\" data-id=\"15f5233\" data-element_type=\"column\" data-e-type=\"column\">\n\t\t\t<div class=\"elementor-widget-wrap elementor-element-populated\">\n\t\t\t\t\t\t<div class=\"elementor-element elementor-element-7151fdd elementor-widget elementor-widget-text-editor\" data-id=\"7151fdd\" data-element_type=\"widget\" data-e-type=\"widget\" data-widget_type=\"text-editor.default\">\n\t\t\t\t<div class=\"elementor-widget-container\">\n\t\t\t\t\t\t\t\t\t<p><span style=\"color: #008000;\">Herausgeberschaft gekl\u00e4rt?<\/span><\/p>\t\t\t\t\t\t\t\t<\/div>\n\t\t\t\t<\/div>\n\t\t\t\t\t<\/div>\n\t\t<\/div>\n\t\t\t\t<div class=\"elementor-column elementor-col-16 elementor-top-column elementor-element elementor-element-d831334\" data-id=\"d831334\" data-element_type=\"column\" data-e-type=\"column\">\n\t\t\t<div class=\"elementor-widget-wrap elementor-element-populated\">\n\t\t\t\t\t\t<div class=\"elementor-element elementor-element-54546f5 elementor-widget elementor-widget-text-editor\" data-id=\"54546f5\" data-element_type=\"widget\" data-e-type=\"widget\" data-widget_type=\"text-editor.default\">\n\t\t\t\t<div class=\"elementor-widget-container\">\n\t\t\t\t\t\t\t\t\t<p><span style=\"color: #008000;\">Alle Universit\u00e4ten Herausgesucht?<\/span><\/p>\t\t\t\t\t\t\t\t<\/div>\n\t\t\t\t<\/div>\n\t\t\t\t\t<\/div>\n\t\t<\/div>\n\t\t\t\t<div class=\"elementor-column elementor-col-16 elementor-top-column elementor-element elementor-element-e90703d\" data-id=\"e90703d\" data-element_type=\"column\" data-e-type=\"column\">\n\t\t\t<div class=\"elementor-widget-wrap elementor-element-populated\">\n\t\t\t\t\t\t<div class=\"elementor-element elementor-element-b7c83fb elementor-widget elementor-widget-text-editor\" data-id=\"b7c83fb\" data-element_type=\"widget\" data-e-type=\"widget\" data-widget_type=\"text-editor.default\">\n\t\t\t\t<div class=\"elementor-widget-container\">\n\t\t\t\t\t\t\t\t\t<p><span style=\"color: #008000;\">Wissenschaftliche Begleitung? DOI-Nummer bekommen? <br \/><\/span><\/p>\t\t\t\t\t\t\t\t<\/div>\n\t\t\t\t<\/div>\n\t\t\t\t\t<\/div>\n\t\t<\/div>\n\t\t\t\t<div class=\"elementor-column elementor-col-16 elementor-top-column elementor-element elementor-element-3d6fca3\" data-id=\"3d6fca3\" data-element_type=\"column\" data-e-type=\"column\">\n\t\t\t<div class=\"elementor-widget-wrap elementor-element-populated\">\n\t\t\t\t\t\t<div class=\"elementor-element elementor-element-0d4dc6f elementor-widget elementor-widget-text-editor\" data-id=\"0d4dc6f\" data-element_type=\"widget\" data-e-type=\"widget\" data-widget_type=\"text-editor.default\">\n\t\t\t\t<div class=\"elementor-widget-container\">\n\t\t\t\t\t\t\t\t\t<p><span style=\"color: #3366ff;\">Call for Papers herausgegeben?<\/span><\/p>\t\t\t\t\t\t\t\t<\/div>\n\t\t\t\t<\/div>\n\t\t\t\t\t<\/div>\n\t\t<\/div>\n\t\t\t\t<div class=\"elementor-column elementor-col-16 elementor-top-column elementor-element elementor-element-63f02ba\" data-id=\"63f02ba\" data-element_type=\"column\" data-e-type=\"column\">\n\t\t\t<div class=\"elementor-widget-wrap elementor-element-populated\">\n\t\t\t\t\t\t<div class=\"elementor-element elementor-element-bae8511 elementor-widget elementor-widget-text-editor\" data-id=\"bae8511\" data-element_type=\"widget\" data-e-type=\"widget\" data-widget_type=\"text-editor.default\">\n\t\t\t\t<div class=\"elementor-widget-container\">\n\t\t\t\t\t\t\t\t\t<p><span style=\"color: #3366ff;\">R\u00fccklauf auswerten<\/span><\/p>\t\t\t\t\t\t\t\t<\/div>\n\t\t\t\t<\/div>\n\t\t\t\t\t<\/div>\n\t\t<\/div>\n\t\t\t\t<div class=\"elementor-column elementor-col-16 elementor-top-column elementor-element elementor-element-53b8fe5\" data-id=\"53b8fe5\" data-element_type=\"column\" data-e-type=\"column\">\n\t\t\t<div class=\"elementor-widget-wrap elementor-element-populated\">\n\t\t\t\t\t\t<div class=\"elementor-element elementor-element-26a2f39 elementor-widget elementor-widget-text-editor\" data-id=\"26a2f39\" data-element_type=\"widget\" data-e-type=\"widget\" data-widget_type=\"text-editor.default\">\n\t\t\t\t<div class=\"elementor-widget-container\">\n\t\t\t\t\t\t\t\t\t<p><span style=\"color: #3366ff;\">Erste Ausgabe feiern!<br \/><\/span><\/p>\t\t\t\t\t\t\t\t<\/div>\n\t\t\t\t<\/div>\n\t\t\t\t\t<\/div>\n\t\t<\/div>\n\t\t\t\t\t<\/div>\n\t\t<\/section>\n\t\t\t\t<section class=\"elementor-section elementor-top-section elementor-element elementor-element-59345e53 elementor-section-boxed elementor-section-height-default elementor-section-height-default\" data-id=\"59345e53\" data-element_type=\"section\" data-e-type=\"section\">\n\t\t\t\t\t\t<div class=\"elementor-container elementor-column-gap-default\">\n\t\t\t\t\t<div class=\"elementor-column elementor-col-100 elementor-top-column elementor-element elementor-element-7ef15391\" data-id=\"7ef15391\" data-element_type=\"column\" data-e-type=\"column\">\n\t\t\t<div class=\"elementor-widget-wrap elementor-element-populated\">\n\t\t\t\t\t\t<div class=\"elementor-element elementor-element-3f6abed elementor-widget-divider--view-line elementor-widget elementor-widget-divider\" data-id=\"3f6abed\" data-element_type=\"widget\" data-e-type=\"widget\" data-widget_type=\"divider.default\">\n\t\t\t\t<div class=\"elementor-widget-container\">\n\t\t\t\t\t\t\t<div class=\"elementor-divider\">\n\t\t\t<span class=\"elementor-divider-separator\">\n\t\t\t\t\t\t<\/span>\n\t\t<\/div>\n\t\t\t\t\t\t<\/div>\n\t\t\t\t<\/div>\n\t\t\t\t<div class=\"elementor-element elementor-element-70c7684f elementor-widget elementor-widget-text-editor\" data-id=\"70c7684f\" data-element_type=\"widget\" data-e-type=\"widget\" data-widget_type=\"text-editor.default\">\n\t\t\t\t<div class=\"elementor-widget-container\">\n\t\t\t\t\t\t\t\t\t\n<p><br \/><strong>\u201eKleinwaffen\u201c \u2013 die Dimension einer globalen Bedrohung<\/strong><\/p>\n\n<p>Die weltweite Verbreitung von so genannten \u201eKleinwaffen\u201c bildet zum Beginn des 21. Jahrhunderts eine der gr\u00f6\u00dften Herausforderungen an die internationale Staatengemeinschaft und an die Zivilgesellschaft. \u201eKleinwaffen\u201c \u2013 Pistolen, Gewehre, Maschinengewehre, Landminen und \u00e4hnliche Waffen, die von einer oder zwei Personen getragen und eingesetzt werden k\u00f6nnen \u2013 spielen eine zentrale Rolle in den fast 50 B\u00fcrgerkriegen und Kriegen, die weltweit ausgefochten werden und Gewalt, Tod und Leid vor allem \u00fcber die Zivilbev\u00f6lkerung bringen. Dar\u00fcber hinaus sind gerade \u201eKleinwaffen\u201c h\u00e4ufig die Werkzeuge der T\u00e4ter bei den Menschenrechtsverletzungen, die in vielen Staaten immer noch an der Tagesordnung sind.<\/p>\n\n<p>Weltweit sind etwa 500 Millionen Kleinwaffen im Einsatz. Heute sind rund 90 Prozent aller Toten und Verletzten in Kriegen und B\u00fcrgerkriegen auf den Einsatz von Kleinwaffen zur\u00fcckzuf\u00fchren. Diese werden vorwiegend in den Industriestaaten produziert und in der Regel legal an Milit\u00e4r- und Polizeieinheiten in alle Welt exportiert. Durch den illegalen Waffenhandel und Beutewaffen geraten Kleinwaffen zudem in die H\u00e4nde von Guerillaeinheiten, Milizen und Kindersoldaten.<\/p>\n\n<p>Millionen von Kleinwaffen zirkulieren unkontrollierbar von Kriegsschauplatz zu Kriegsschauplatz und zwischen den Konfliktparteien. Sie tragen nachhaltig zur Destabilisierung demokratisch gew\u00e4hlter Regierungen und zur Aufrechterhaltung scheindemokratischer oder diktatorischer Regime bei. Zudem tragen Kleinwaffen ma\u00dfgeblich zu Verletzungen der Menschenrechte, des humanit\u00e4ren V\u00f6lkerrechts und zu Kriegsverbrechen bei und behindern in vielen Staaten eine nachhaltige Entwicklung.<\/p>\n\n<p>Die Bundesrepublik Deutschland z\u00e4hlt zu den f\u00fchrenden Produzenten, Exporteuren und Lizenzgebern von Kleinwaffen: Allein 7 bis 10 Millionen G3-Gewehre der Oberndorfer Waffenfirma Heckler &amp; Koch und ihrer 15 ausl\u00e4ndischen Lizenznehmer finden sich weltweit im t\u00f6dlichen Einsatz. Durch den Einsatz allein dieser Schnellfeuergewehre wurden unz\u00e4hlige Menschen verst\u00fcmmelt oder erschossen.<\/p>\n\n<p>Die Bundeswehr wurde mit dem G3-Nachfolgegewehr G36 ausgestattet. Die Bundesregierung hat mit der Zerst\u00f6rung eines Teils der \u00fcbersch\u00fcssigen G3 begonnen, andere G3 sind modernisiert worden und sind jetzt im Kriegseinsatz in Afghanistan. Die G3-Altbest\u00e4nde m\u00fcssen aber, wie zugesagt, restlos vernichtet und d\u00fcrfen keinesfalls exportiert werden. Erste Exporte des G36 und die Lizenzvergabe an Spanien und Saudi-Arabien (hier wurde eine ganze G36-Produktionsanlage gebaut!) lassen eine Entwicklung wie beim G3 bef\u00fcrchten.<\/p>\n\n<p>Ein weiteres Bedrohungspotential stellen legal wie illegal verbreitete Kleinwaffen in Privatbesitz dar, darunter auch Jagd- und Sportwaffen, deren Bestand allein in der Bundesrepublik Deutschland auf mehr als 10 Millionen St\u00fcck gesch\u00e4tzt wird.<\/p>\n\n<p><br \/><strong>Ziele des DAKS<\/strong><\/p>\n\n<p>Die Mitglieder des DAKS werden sich \u2013 jeweils im Rahmen ihrer spezifischen Mandate und eigenen Aufgabengebiete \u2013 gegen Ursachen und Auswirkungen der Verbreitung von Kleinwaffen und Munition einsetzen. Das DAKS soll mit seinen Aktivit\u00e4ten:<\/p>\n\n<ul class=\"wp-block-list\">\n<li>einen Beitrag zur Gewaltpr\u00e4vention und Deeskalation von Konflikten leisten,<\/li>\n<li>weitere Exporte und Lizenzvergaben von Kleinwaffen und Munition verhindern und<\/li>\n<li>zur Beendigung der zerst\u00f6rerischen Wirkung von Kleinwaffen auf eine nachhaltige Entwicklung beitragen.<\/li>\n<\/ul>\n\n<p><br \/><strong>Das DAKS verfolgt unter anderem die folgenden konkreten Ziele:<\/strong><\/p>\n\n<ul class=\"wp-block-list\">\n<li>Transfers von Kleinwaffen und Munition verhindern, die zu Verletzungen der Menschenrechte, des humanit\u00e4ren V\u00f6lkerrechts oder zu Kriegsverbrechen beitragen k\u00f6nnen;<\/li>\n<li>Etablierung international verbindlicher Regelungen zur Reduzierung und Kontrolle von Produktion, Handel, Weiterverkauf, Lizenzierung, Einsatz und Endverbleib von Kleinwaffen und Munition;<\/li>\n<li>Einf\u00fchrung internationaler Mechanismen zur effektiven Markierung und \u00dcberwachung (\u201eTracing\u201c) von Kleinwaffen und Munition;<\/li>\n<li>\u00f6ffentliche Kontrolle und drastische Beschr\u00e4nkung weiterer Exporte und Lizenzvergaben von in Deutschland hergestellten Kleinwaffen (wie z.B. G36 von Heckler &amp; Koch) und Munition;<\/li>\n<li>Schaffung von umfassender Transparenz aller deutschen Exporte von Kleinwaffen, Munition, Waffen- und Munitionsbestandteile sowie dazu geh\u00f6render Produktionsanlagen und deren Ersatzteile. Hierzu Auflistung im R\u00fcstungsexportbericht mit genauer Beschreibung (Umfang der Lieferung, Hersteller und Lieferant, genauer Empf\u00e4nger, Sicherung des Endverbleibs);<\/li>\n<li>\u00f6ffentliche \u00dcberwachung der Verschrottung ausgedienter \u00dcberschussbest\u00e4nde von Kleinwaffen in Deutschland (G3 u.a.);<\/li>\n<li>Verhinderung des Exports von Anlagen oder Know-how zur Fertigung von Kleinwaffen und Munition (z. B. Firma Fritz Werner);<\/li>\n<li>Bestandsaufnahme, verbesserte Kontrolle und Beschr\u00e4nkung des Bestands von Kleinwaffen in privatem Besitz wie z.B. Jagd- und Sportwaffen in Deutschland.<\/li>\n<\/ul>\n\n<p><br \/><strong>Arbeitsschwerpunkte des DAKS<\/strong><\/p>\n\n<ul class=\"wp-block-list\">\n<li>Das DAKS will mit Informationen und Aktionen das Bewusstsein der \u00d6ffentlichkeit f\u00fcr die Problematik der Kleinwaffen sch\u00e4rfen und \u00f6ffentliche Unterst\u00fctzung f\u00fcr seine Anliegen gewinnen.<\/li>\n<li>Das DAKS wird sich mit intensiver und gezielter Lobbyarbeit an politische Entscheidungstr\u00e4ger und Gesetzgeber wenden, um die genannten Ziele zu erreichen.<\/li>\n<\/ul>\n\n<p class=\"has-text-align-center\"><br \/><strong>Die kompletten Jahrg\u00e4nge des Newsletters<\/strong> <strong>zum Herunterladen (ca 40MB):<\/strong><br \/><a href=\"https:\/\/rib-ev.de\/wp-content\/uploads\/2022\/05\/DAKS.zip\" target=\"_blank\" rel=\"noopener\">DAKS-Newsletter Archiv 2005-2020<\/a><\/p>\n\t\t\t\t\t\t\t\t<\/div>\n\t\t\t\t<\/div>\n\t\t\t\t\t<\/div>\n\t\t<\/div>\n\t\t\t\t\t<\/div>\n\t\t<\/section>\n\t\t\t\t<\/div>\n\t\t","protected":false},"excerpt":{"rendered":"<p>Ich habe lange keinen Newsletter mehr gesehen &#8211; was ist los? Tats\u00e4chlich sind schon l\u00e4nger keine Newsletter mehr Erschienen. Dies liegt an einem tiefgreifenden Ver\u00e4nderungsprozess des Newsletters. Seit einiger Zeit arbeiten wir mit vielen verschiedenen Organisationen daran in Zukunft einen \u00fcberarbeiteten DAKS-Newsletter pr\u00e4sentieren zu k\u00f6nnen. Dazu geh\u00f6ren neben den Abw\u00e4gungen des Formats auch neue wissenschaftliche [&hellip;]<\/p>\n","protected":false},"author":2,"featured_media":0,"parent":128,"menu_order":0,"comment_status":"closed","ping_status":"closed","template":"","meta":{"site-sidebar-layout":"default","site-content-layout":"","ast-site-content-layout":"default","site-content-style":"default","site-sidebar-style":"default","ast-global-header-display":"","ast-banner-title-visibility":"","ast-main-header-display":"","ast-hfb-above-header-display":"","ast-hfb-below-header-display":"","ast-hfb-mobile-header-display":"","site-post-title":"","ast-breadcrumbs-content":"","ast-featured-img":"","footer-sml-layout":"","ast-disable-related-posts":"","theme-transparent-header-meta":"","adv-header-id-meta":"","stick-header-meta":"","header-above-stick-meta":"","header-main-stick-meta":"","header-below-stick-meta":"","astra-migrate-meta-layouts":"default","ast-page-background-enabled":"default","ast-page-background-meta":{"desktop":{"background-color":"var(--ast-global-color-4)","background-image":"","background-repeat":"repeat","background-position":"center center","background-size":"auto","background-attachment":"scroll","background-type":"","background-media":"","overlay-type":"","overlay-color":"","overlay-opacity":"","overlay-gradient":""},"tablet":{"background-color":"","background-image":"","background-repeat":"repeat","background-position":"center center","background-size":"auto","background-attachment":"scroll","background-type":"","background-media":"","overlay-type":"","overlay-color":"","overlay-opacity":"","overlay-gradient":""},"mobile":{"background-color":"","background-image":"","background-repeat":"repeat","background-position":"center center","background-size":"auto","background-attachment":"scroll","background-type":"","background-media":"","overlay-type":"","overlay-color":"","overlay-opacity":"","overlay-gradient":""}},"ast-content-background-meta":{"desktop":{"background-color":"var(--ast-global-color-5)","background-image":"","background-repeat":"repeat","background-position":"center center","background-size":"auto","background-attachment":"scroll","background-type":"","background-media":"","overlay-type":"","overlay-color":"","overlay-opacity":"","overlay-gradient":""},"tablet":{"background-color":"var(--ast-global-color-5)","background-image":"","background-repeat":"repeat","background-position":"center center","background-size":"auto","background-attachment":"scroll","background-type":"","background-media":"","overlay-type":"","overlay-color":"","overlay-opacity":"","overlay-gradient":""},"mobile":{"background-color":"var(--ast-global-color-5)","background-image":"","background-repeat":"repeat","background-position":"center center","background-size":"auto","background-attachment":"scroll","background-type":"","background-media":"","overlay-type":"","overlay-color":"","overlay-opacity":"","overlay-gradient":""}},"footnotes":""},"class_list":["post-1004","page","type-page","status-publish","hentry"],"_links":{"self":[{"href":"https:\/\/rib-ev.de\/index.php?rest_route=\/wp\/v2\/pages\/1004","targetHints":{"allow":["GET"]}}],"collection":[{"href":"https:\/\/rib-ev.de\/index.php?rest_route=\/wp\/v2\/pages"}],"about":[{"href":"https:\/\/rib-ev.de\/index.php?rest_route=\/wp\/v2\/types\/page"}],"author":[{"embeddable":true,"href":"https:\/\/rib-ev.de\/index.php?rest_route=\/wp\/v2\/users\/2"}],"replies":[{"embeddable":true,"href":"https:\/\/rib-ev.de\/index.php?rest_route=%2Fwp%2Fv2%2Fcomments&post=1004"}],"version-history":[{"count":10,"href":"https:\/\/rib-ev.de\/index.php?rest_route=\/wp\/v2\/pages\/1004\/revisions"}],"predecessor-version":[{"id":2550,"href":"https:\/\/rib-ev.de\/index.php?rest_route=\/wp\/v2\/pages\/1004\/revisions\/2550"}],"up":[{"embeddable":true,"href":"https:\/\/rib-ev.de\/index.php?rest_route=\/wp\/v2\/pages\/128"}],"wp:attachment":[{"href":"https:\/\/rib-ev.de\/index.php?rest_route=%2Fwp%2Fv2%2Fmedia&parent=1004"}],"curies":[{"name":"wp","href":"https:\/\/api.w.org\/{rel}","templated":true}]}}